{"id":124,"date":"2023-02-13T16:55:11","date_gmt":"2023-02-13T16:55:11","guid":{"rendered":"https:\/\/majaconsultinggroup.com\/?page_id=124"},"modified":"2023-04-18T17:47:35","modified_gmt":"2023-04-18T17:47:35","slug":"compania","status":"publish","type":"page","link":"https:\/\/majaconsultinggroup.com\/index.php\/compania\/","title":{"rendered":"Compa\u00f1ia"},"content":{"rendered":"\t\t<div data-elementor-type=\"wp-page\" data-elementor-id=\"124\" class=\"elementor elementor-124\">\n\t\t\t\t\t\t<section class=\"elementor-section elementor-top-section elementor-element elementor-element-e8305c0 elementor-section-boxed elementor-section-height-default elementor-section-height-default\" data-id=\"e8305c0\" data-element_type=\"section\">\n\t\t\t\t\t\t<div class=\"elementor-container elementor-column-gap-default\">\n\t\t\t\t\t<div class=\"elementor-column elementor-col-100 elementor-top-column elementor-element elementor-element-6fa2d04\" data-id=\"6fa2d04\" data-element_type=\"column\">\n\t\t\t<div class=\"elementor-widget-wrap elementor-element-populated\">\n\t\t\t\t\t\t<div class=\"elementor-element elementor-element-b62240e elementor-widget__width-inherit elementor-widget elementor-widget-text-editor\" data-id=\"b62240e\" data-element_type=\"widget\" data-widget_type=\"text-editor.default\">\n\t\t\t\t<div class=\"elementor-widget-container\">\n\t\t\t\t\t\t\t\t\t<h1>&nbsp;<\/h1>\n<h1>&nbsp;<\/h1>\n<h1 style=\"text-align: center;\"><span style=\"color: #ffffff;\">NOSOTROS<\/span><\/h1><div><span style=\"color: #ffffff;\"><br><\/span><\/div><div><span style=\"color: #ffffff;\"><br><\/span><\/div><div><span style=\"color: #ffffff;\"><br><\/span><\/div>\n<p><\/p>\t\t\t\t\t\t\t\t<\/div>\n\t\t\t\t<\/div>\n\t\t\t\t\t<\/div>\n\t\t<\/div>\n\t\t\t\t\t<\/div>\n\t\t<\/section>\n\t\t\t\t<section class=\"elementor-section elementor-top-section elementor-element elementor-element-eaf9302 elementor-section-boxed elementor-section-height-default elementor-section-height-default\" data-id=\"eaf9302\" data-element_type=\"section\">\n\t\t\t\t\t\t<div class=\"elementor-container elementor-column-gap-default\">\n\t\t\t\t\t<div class=\"elementor-column elementor-col-100 elementor-top-column elementor-element elementor-element-4d77651\" data-id=\"4d77651\" data-element_type=\"column\">\n\t\t\t<div class=\"elementor-widget-wrap elementor-element-populated\">\n\t\t\t\t\t\t<div class=\"elementor-element elementor-element-078305d elementor-widget__width-inherit elementor-widget elementor-widget-text-editor\" data-id=\"078305d\" data-element_type=\"widget\" data-widget_type=\"text-editor.default\">\n\t\t\t\t<div class=\"elementor-widget-container\">\n\t\t\t\t\t\t\t\t\t<p>\u00a0<\/p><p style=\"text-align: center;\"><span style=\"color: #ffffff;\">Somos una empresa Orgullosamente Mexicana creada en 2006 para proporcionar soluciones Inteligentes de Ingenieria en Seguridad Funcional para la industria d<\/span><span style=\"color: #ffffff;\">e Procesos de Alto Riesgo.<\/span><\/p><p>\u00a0<\/p>\t\t\t\t\t\t\t\t<\/div>\n\t\t\t\t<\/div>\n\t\t\t\t\t<\/div>\n\t\t<\/div>\n\t\t\t\t\t<\/div>\n\t\t<\/section>\n\t\t\t\t<section class=\"elementor-section elementor-top-section elementor-element elementor-element-ad71b41 elementor-section-boxed elementor-section-height-default elementor-section-height-default\" data-id=\"ad71b41\" data-element_type=\"section\">\n\t\t\t\t\t\t<div class=\"elementor-container elementor-column-gap-default\">\n\t\t\t\t\t<div class=\"elementor-column elementor-col-100 elementor-top-column elementor-element elementor-element-6a440f6\" data-id=\"6a440f6\" data-element_type=\"column\">\n\t\t\t<div class=\"elementor-widget-wrap elementor-element-populated\">\n\t\t\t\t\t\t<div class=\"elementor-element elementor-element-35c8321 elementor-widget elementor-widget-text-editor\" data-id=\"35c8321\" data-element_type=\"widget\" data-widget_type=\"text-editor.default\">\n\t\t\t\t<div class=\"elementor-widget-container\">\n\t\t\t\t\t\t\t\t\t<p><span style=\"color: #000000;\">Ofrecemos la soluci\u00f3n mas rentable a sus necesidades de mitigaci\u00f3n de riesgos, mediante avanzadas tecnicas cualitativas y cuantitativas, asi como software de siguiente generaci\u00f3n, equipos de \u00faltima tecnolog\u00eda y nuestro capital humano. Estamos certificados en diferentes \u00e1reas de instrumentaci\u00f3n y control, sistemas instrumentados de seguridad, somos una unidad verificadora de la norma de Seguridad en Procesos, y estamos acreditados por ASEA como Terceros autorizados en las \u00e1reas Comercial, Industrial, Ductos y Auditorias Externas.<\/span><\/p><p><span style=\"color: #000000;\">Nuestros especialistas cuentan con plan de carrera dentro de nuestra empresa, el cual incluye estudios de posgrado, certificaciones Internaciones en pa\u00edses como Espa\u00f1a, Inglaterra y Estados Unidos por citar algunos.<\/span><\/p><p><span style=\"color: #000000;\">Nuestra empresa tiene el respaldo de m\u00e1s de 250 a\u00f1os de experiencia en conocimientos acumulados por nuestros especialistas.<\/span><\/p><ul><li style=\"list-style-type: none;\">\u00a0<\/li><\/ul>\t\t\t\t\t\t\t\t<\/div>\n\t\t\t\t<\/div>\n\t\t\t\t\t<\/div>\n\t\t<\/div>\n\t\t\t\t\t<\/div>\n\t\t<\/section>\n\t\t\t\t<section class=\"elementor-section elementor-top-section elementor-element elementor-element-90f1572 elementor-section-boxed elementor-section-height-default elementor-section-height-default\" data-id=\"90f1572\" data-element_type=\"section\">\n\t\t\t\t\t\t<div class=\"elementor-container elementor-column-gap-default\">\n\t\t\t\t\t<div class=\"elementor-column elementor-col-100 elementor-top-column elementor-element elementor-element-c428b08\" data-id=\"c428b08\" data-element_type=\"column\">\n\t\t\t<div class=\"elementor-widget-wrap elementor-element-populated\">\n\t\t\t\t\t\t<div class=\"elementor-element elementor-element-2c1b1d7 elementor-widget elementor-widget-spacer\" data-id=\"2c1b1d7\" data-element_type=\"widget\" data-widget_type=\"spacer.default\">\n\t\t\t\t<div class=\"elementor-widget-container\">\n\t\t\t\t\t\t\t<div class=\"elementor-spacer\">\n\t\t\t<div class=\"elementor-spacer-inner\"><\/div>\n\t\t<\/div>\n\t\t\t\t\t\t<\/div>\n\t\t\t\t<\/div>\n\t\t\t\t\t<\/div>\n\t\t<\/div>\n\t\t\t\t\t<\/div>\n\t\t<\/section>\n\t\t\t\t<section class=\"elementor-section elementor-top-section elementor-element elementor-element-de16fe1 elementor-section-boxed elementor-section-height-default elementor-section-height-default\" data-id=\"de16fe1\" data-element_type=\"section\">\n\t\t\t\t\t\t<div class=\"elementor-container elementor-column-gap-default\">\n\t\t\t\t\t<div class=\"elementor-column elementor-col-20 elementor-top-column elementor-element elementor-element-bc529bd\" data-id=\"bc529bd\" data-element_type=\"column\">\n\t\t\t<div class=\"elementor-widget-wrap\">\n\t\t\t\t\t\t\t<\/div>\n\t\t<\/div>\n\t\t\t\t<div class=\"elementor-column elementor-col-20 elementor-top-column elementor-element elementor-element-c030e59\" data-id=\"c030e59\" data-element_type=\"column\">\n\t\t\t<div class=\"elementor-widget-wrap\">\n\t\t\t\t\t\t\t<\/div>\n\t\t<\/div>\n\t\t\t\t<div class=\"elementor-column elementor-col-20 elementor-top-column elementor-element elementor-element-4f5e42c\" data-id=\"4f5e42c\" data-element_type=\"column\">\n\t\t\t<div class=\"elementor-widget-wrap elementor-element-populated\">\n\t\t\t\t\t\t<div class=\"elementor-element elementor-element-728ec3d elementor-widget elementor-widget-image\" data-id=\"728ec3d\" data-element_type=\"widget\" data-widget_type=\"image.default\">\n\t\t\t\t<div class=\"elementor-widget-container\">\n\t\t\t\t\t\t\t\t\t\t\t\t\t\t\t<img fetchpriority=\"high\" decoding=\"async\" width=\"1027\" height=\"985\" src=\"https:\/\/majaconsultinggroup.com\/wp-content\/uploads\/2023\/04\/17-maja-1.png\" class=\"attachment-full size-full wp-image-575\" alt=\"\" srcset=\"https:\/\/majaconsultinggroup.com\/wp-content\/uploads\/2023\/04\/17-maja-1.png 1027w, https:\/\/majaconsultinggroup.com\/wp-content\/uploads\/2023\/04\/17-maja-1-300x288.png 300w, https:\/\/majaconsultinggroup.com\/wp-content\/uploads\/2023\/04\/17-maja-1-1024x982.png 1024w, https:\/\/majaconsultinggroup.com\/wp-content\/uploads\/2023\/04\/17-maja-1-768x737.png 768w\" sizes=\"(max-width: 1027px) 100vw, 1027px\" \/>\t\t\t\t\t\t\t\t\t\t\t\t\t\t\t<\/div>\n\t\t\t\t<\/div>\n\t\t\t\t\t<\/div>\n\t\t<\/div>\n\t\t\t\t<div class=\"elementor-column elementor-col-20 elementor-top-column elementor-element elementor-element-bde4988\" data-id=\"bde4988\" data-element_type=\"column\">\n\t\t\t<div class=\"elementor-widget-wrap\">\n\t\t\t\t\t\t\t<\/div>\n\t\t<\/div>\n\t\t\t\t<div class=\"elementor-column elementor-col-20 elementor-top-column elementor-element elementor-element-fb7c951\" data-id=\"fb7c951\" data-element_type=\"column\">\n\t\t\t<div class=\"elementor-widget-wrap\">\n\t\t\t\t\t\t\t<\/div>\n\t\t<\/div>\n\t\t\t\t\t<\/div>\n\t\t<\/section>\n\t\t\t\t<section class=\"elementor-section elementor-top-section elementor-element elementor-element-1fc2d5a elementor-section-boxed elementor-section-height-default elementor-section-height-default\" data-id=\"1fc2d5a\" data-element_type=\"section\">\n\t\t\t\t\t\t<div class=\"elementor-container elementor-column-gap-default\">\n\t\t\t\t\t<div class=\"elementor-column elementor-col-100 elementor-top-column elementor-element elementor-element-236e6cd\" data-id=\"236e6cd\" data-element_type=\"column\">\n\t\t\t<div class=\"elementor-widget-wrap elementor-element-populated\">\n\t\t\t\t\t\t<div class=\"elementor-element elementor-element-8b1b959 elementor-widget elementor-widget-spacer\" data-id=\"8b1b959\" data-element_type=\"widget\" data-widget_type=\"spacer.default\">\n\t\t\t\t<div class=\"elementor-widget-container\">\n\t\t\t\t\t\t\t<div class=\"elementor-spacer\">\n\t\t\t<div class=\"elementor-spacer-inner\"><\/div>\n\t\t<\/div>\n\t\t\t\t\t\t<\/div>\n\t\t\t\t<\/div>\n\t\t\t\t\t<\/div>\n\t\t<\/div>\n\t\t\t\t\t<\/div>\n\t\t<\/section>\n\t\t\t\t<\/div>\n\t\t","protected":false},"excerpt":{"rendered":"<p>&nbsp; &nbsp; NOSOTROS \u00a0 Somos una empresa Orgullosamente Mexicana creada en 2006 para proporcionar soluciones Inteligentes de Ingenieria en Seguridad Funcional para la industria de Procesos de Alto Riesgo. \u00a0 Ofrecemos la soluci\u00f3n mas rentable a sus necesidades de mitigaci\u00f3n de riesgos, mediante avanzadas tecnicas cualitativas y cuantitativas, asi como software de siguiente generaci\u00f3n, equipos &#8230; <a title=\"Compa\u00f1ia\" class=\"read-more\" href=\"https:\/\/majaconsultinggroup.com\/index.php\/compania\/\" aria-label=\"Leer m\u00e1s sobre Compa\u00f1ia\">Leer m\u00e1s<\/a><\/p>\n","protected":false},"author":1,"featured_media":0,"parent":0,"menu_order":0,"comment_status":"closed","ping_status":"closed","template":"elementor_header_footer","meta":{"footnotes":""},"class_list":["post-124","page","type-page","status-publish"],"_links":{"self":[{"href":"https:\/\/majaconsultinggroup.com\/index.php\/wp-json\/wp\/v2\/pages\/124","targetHints":{"allow":["GET"]}}],"collection":[{"href":"https:\/\/majaconsultinggroup.com\/index.php\/wp-json\/wp\/v2\/pages"}],"about":[{"href":"https:\/\/majaconsultinggroup.com\/index.php\/wp-json\/wp\/v2\/types\/page"}],"author":[{"embeddable":true,"href":"https:\/\/majaconsultinggroup.com\/index.php\/wp-json\/wp\/v2\/users\/1"}],"replies":[{"embeddable":true,"href":"https:\/\/majaconsultinggroup.com\/index.php\/wp-json\/wp\/v2\/comments?post=124"}],"version-history":[{"count":7,"href":"https:\/\/majaconsultinggroup.com\/index.php\/wp-json\/wp\/v2\/pages\/124\/revisions"}],"predecessor-version":[{"id":578,"href":"https:\/\/majaconsultinggroup.com\/index.php\/wp-json\/wp\/v2\/pages\/124\/revisions\/578"}],"wp:attachment":[{"href":"https:\/\/majaconsultinggroup.com\/index.php\/wp-json\/wp\/v2\/media?parent=124"}],"curies":[{"name":"wp","href":"https:\/\/api.w.org\/{rel}","templated":true}]}}