{"id":135,"date":"2023-02-13T17:08:54","date_gmt":"2023-02-13T17:08:54","guid":{"rendered":"https:\/\/majaconsultinggroup.com\/?page_id=135"},"modified":"2023-03-28T19:49:25","modified_gmt":"2023-03-28T19:49:25","slug":"nuestra-historia","status":"publish","type":"page","link":"https:\/\/majaconsultinggroup.com\/index.php\/nuestra-historia\/","title":{"rendered":"Nuestra Historia"},"content":{"rendered":"\t\t<div data-elementor-type=\"wp-page\" data-elementor-id=\"135\" class=\"elementor elementor-135\">\n\t\t\t\t\t\t<section class=\"elementor-section elementor-top-section elementor-element elementor-element-aa22458 elementor-section-boxed elementor-section-height-default elementor-section-height-default\" data-id=\"aa22458\" data-element_type=\"section\">\n\t\t\t\t\t\t<div class=\"elementor-container elementor-column-gap-default\">\n\t\t\t\t\t<div class=\"elementor-column elementor-col-100 elementor-top-column elementor-element elementor-element-bd2a67f\" data-id=\"bd2a67f\" data-element_type=\"column\">\n\t\t\t<div class=\"elementor-widget-wrap elementor-element-populated\">\n\t\t\t\t\t\t<div class=\"elementor-element elementor-element-c6bd94d elementor-widget__width-inherit elementor-widget elementor-widget-text-editor\" data-id=\"c6bd94d\" data-element_type=\"widget\" data-widget_type=\"text-editor.default\">\n\t\t\t\t<div class=\"elementor-widget-container\">\n\t\t\t\t\t\t\t\t\t<h2>\u00a0<\/h2><p>\u00a0<\/p><h2>\u00a0<\/h2><h2 style=\"text-align: center;\"><span style=\"color: #ffffff;\">NUESTRA HISTORIA<\/span><\/h2><p>\u00a0<\/p><p>\u00a0<\/p><p>\u00a0<\/p>\t\t\t\t\t\t\t\t<\/div>\n\t\t\t\t<\/div>\n\t\t\t\t\t<\/div>\n\t\t<\/div>\n\t\t\t\t\t<\/div>\n\t\t<\/section>\n\t\t\t\t<section class=\"elementor-section elementor-top-section elementor-element elementor-element-a741d73 elementor-section-boxed elementor-section-height-default elementor-section-height-default\" data-id=\"a741d73\" data-element_type=\"section\">\n\t\t\t\t\t\t<div class=\"elementor-container elementor-column-gap-default\">\n\t\t\t\t\t<div class=\"elementor-column elementor-col-100 elementor-top-column elementor-element elementor-element-d387962\" data-id=\"d387962\" data-element_type=\"column\">\n\t\t\t<div class=\"elementor-widget-wrap elementor-element-populated\">\n\t\t\t\t\t\t<div class=\"elementor-element elementor-element-f47aaa1 elementor-widget__width-inherit elementor-widget elementor-widget-text-editor\" data-id=\"f47aaa1\" data-element_type=\"widget\" data-widget_type=\"text-editor.default\">\n\t\t\t\t<div class=\"elementor-widget-container\">\n\t\t\t\t\t\t\t\t\t<h2><span style=\"color: #ffffff;\">MAJA Consulting Group<\/span><\/h2><p style=\"text-align: left; padding-left: 120px;\"><span style=\"color: #ffffff;\">Surgi\u00f3 con una Direcci\u00f3n plenamente identificada con el<\/span><span style=\"color: #ffffff;\">compromiso de otorgar a sus clientes servicios<\/span><span style=\"font-size: inherit; color: #ffffff;\">de seguridad funcional con los m\u00e1s altos est\u00e1ndares de calidad.<\/span><\/p>\t\t\t\t\t\t\t\t<\/div>\n\t\t\t\t<\/div>\n\t\t\t\t\t<\/div>\n\t\t<\/div>\n\t\t\t\t\t<\/div>\n\t\t<\/section>\n\t\t\t\t<section class=\"elementor-section elementor-top-section elementor-element elementor-element-bfc3b6b elementor-section-boxed elementor-section-height-default elementor-section-height-default\" data-id=\"bfc3b6b\" data-element_type=\"section\">\n\t\t\t\t\t\t<div class=\"elementor-container elementor-column-gap-default\">\n\t\t\t\t\t<div class=\"elementor-column elementor-col-33 elementor-top-column elementor-element elementor-element-19462d5\" data-id=\"19462d5\" data-element_type=\"column\">\n\t\t\t<div class=\"elementor-widget-wrap elementor-element-populated\">\n\t\t\t\t\t\t<div class=\"elementor-element elementor-element-4f40641 elementor-widget elementor-widget-text-editor\" data-id=\"4f40641\" data-element_type=\"widget\" data-widget_type=\"text-editor.default\">\n\t\t\t\t<div class=\"elementor-widget-container\">\n\t\t\t\t\t\t\t\t\t<p><img decoding=\"async\" class=\"wp-image-138 aligncenter\" src=\"https:\/\/majaconsultinggroup.com\/wp-content\/uploads\/2023\/02\/historia_02-300x300.png\" alt=\"\" width=\"163\" height=\"163\" srcset=\"https:\/\/majaconsultinggroup.com\/wp-content\/uploads\/2023\/02\/historia_02-300x300.png 300w, https:\/\/majaconsultinggroup.com\/wp-content\/uploads\/2023\/02\/historia_02-150x150.png 150w, https:\/\/majaconsultinggroup.com\/wp-content\/uploads\/2023\/02\/historia_02.png 500w\" sizes=\"(max-width: 163px) 100vw, 163px\" \/><\/p><p><img decoding=\"async\" class=\"wp-image-139 aligncenter\" src=\"https:\/\/majaconsultinggroup.com\/wp-content\/uploads\/2023\/02\/historia_03-300x300.png\" alt=\"\" width=\"163\" height=\"163\" srcset=\"https:\/\/majaconsultinggroup.com\/wp-content\/uploads\/2023\/02\/historia_03-300x300.png 300w, https:\/\/majaconsultinggroup.com\/wp-content\/uploads\/2023\/02\/historia_03-150x150.png 150w, https:\/\/majaconsultinggroup.com\/wp-content\/uploads\/2023\/02\/historia_03.png 500w\" sizes=\"(max-width: 163px) 100vw, 163px\" \/><\/p><p><img decoding=\"async\" class=\"wp-image-140 aligncenter\" src=\"https:\/\/majaconsultinggroup.com\/wp-content\/uploads\/2023\/02\/historia_04-300x300.png\" alt=\"\" width=\"163\" height=\"163\" srcset=\"https:\/\/majaconsultinggroup.com\/wp-content\/uploads\/2023\/02\/historia_04-300x300.png 300w, https:\/\/majaconsultinggroup.com\/wp-content\/uploads\/2023\/02\/historia_04-150x150.png 150w, https:\/\/majaconsultinggroup.com\/wp-content\/uploads\/2023\/02\/historia_04.png 500w\" sizes=\"(max-width: 163px) 100vw, 163px\" \/><\/p>\t\t\t\t\t\t\t\t<\/div>\n\t\t\t\t<\/div>\n\t\t\t\t\t<\/div>\n\t\t<\/div>\n\t\t\t\t<div class=\"elementor-column elementor-col-33 elementor-top-column elementor-element elementor-element-b08640f\" data-id=\"b08640f\" data-element_type=\"column\">\n\t\t\t<div class=\"elementor-widget-wrap elementor-element-populated\">\n\t\t\t\t\t\t<div class=\"elementor-element elementor-element-4716e7f elementor-widget elementor-widget-text-editor\" data-id=\"4716e7f\" data-element_type=\"widget\" data-widget_type=\"text-editor.default\">\n\t\t\t\t<div class=\"elementor-widget-container\">\n\t\t\t\t\t\t\t\t\t<ul><li><span style=\"color: #000000;\">Iniciamos operaciones el 26 de Junio de 2006 en Quer\u00e9taro, y 1 a\u00f1o m\u00e1s tarde por cuestiones estrat\u00e9gicas nos trasladamos al puerto de Veracruz, con la finalidad de estar cerca de nuestros clientes de la industria de hidrocarburo, ubicados principalmente en el sureste del pa\u00eds.<\/span><\/li><li><span style=\"color: #000000;\">La excelencia que proveemos en cada uno de nuestros servicios ha generado un constante crecimiento y desarrollo de nuestra empresa.<\/span><\/li><\/ul><ul><li><span style=\"color: #000000;\">Contamos con un staff de colaboradores especializados y en capacitaci\u00f3n continua en cada una de las disciplinas que ofrecemos.<\/span><\/li><\/ul><ul><li><span style=\"color: #000000;\">Somos una empresa certificada bajo la Norma ISO 9001 y Certificaci\u00f3n en Seguridad Funcional conforme al est\u00e1ndar IEC 61511.<\/span><\/li><\/ul>\t\t\t\t\t\t\t\t<\/div>\n\t\t\t\t<\/div>\n\t\t\t\t\t<\/div>\n\t\t<\/div>\n\t\t\t\t<div class=\"elementor-column elementor-col-33 elementor-top-column elementor-element elementor-element-8d419ef\" data-id=\"8d419ef\" data-element_type=\"column\">\n\t\t\t<div class=\"elementor-widget-wrap elementor-element-populated\">\n\t\t\t\t\t\t<div class=\"elementor-element elementor-element-68c4edd elementor-widget elementor-widget-text-editor\" data-id=\"68c4edd\" data-element_type=\"widget\" data-widget_type=\"text-editor.default\">\n\t\t\t\t<div class=\"elementor-widget-container\">\n\t\t\t\t\t\t\t\t\t<p style=\"text-align: right;\">\u00a0<\/p><p><img loading=\"lazy\" decoding=\"async\" class=\"wp-image-126 alignright\" src=\"https:\/\/majaconsultinggroup.com\/wp-content\/uploads\/2023\/02\/Untitled-1-300x113.png\" alt=\"\" width=\"337\" height=\"126\" srcset=\"https:\/\/majaconsultinggroup.com\/wp-content\/uploads\/2023\/02\/Untitled-1-300x113.png 300w, https:\/\/majaconsultinggroup.com\/wp-content\/uploads\/2023\/02\/Untitled-1-1024x385.png 1024w, https:\/\/majaconsultinggroup.com\/wp-content\/uploads\/2023\/02\/Untitled-1-768x289.png 768w, https:\/\/majaconsultinggroup.com\/wp-content\/uploads\/2023\/02\/Untitled-1-1536x578.png 1536w, https:\/\/majaconsultinggroup.com\/wp-content\/uploads\/2023\/02\/Untitled-1-2048x770.png 2048w\" sizes=\"(max-width: 337px) 100vw, 337px\" \/><\/p><p style=\"text-align: right;\">\u00a0<\/p><p><img loading=\"lazy\" decoding=\"async\" class=\"size-full wp-image-387 alignright\" src=\"https:\/\/majaconsultinggroup.com\/wp-content\/uploads\/2023\/03\/d.png\" alt=\"\" width=\"300\" height=\"128\" \/><\/p>\t\t\t\t\t\t\t\t<\/div>\n\t\t\t\t<\/div>\n\t\t\t\t\t<\/div>\n\t\t<\/div>\n\t\t\t\t\t<\/div>\n\t\t<\/section>\n\t\t\t\t<\/div>\n\t\t","protected":false},"excerpt":{"rendered":"<p>\u00a0 \u00a0 \u00a0 NUESTRA HISTORIA \u00a0 \u00a0 \u00a0 MAJA Consulting Group Surgi\u00f3 con una Direcci\u00f3n plenamente identificada con elcompromiso de otorgar a sus clientes serviciosde seguridad funcional con los m\u00e1s altos est\u00e1ndares de calidad. Iniciamos operaciones el 26 de Junio de 2006 en Quer\u00e9taro, y 1 a\u00f1o m\u00e1s tarde por cuestiones estrat\u00e9gicas nos trasladamos al &#8230; <a title=\"Nuestra Historia\" class=\"read-more\" href=\"https:\/\/majaconsultinggroup.com\/index.php\/nuestra-historia\/\" aria-label=\"Leer m\u00e1s sobre Nuestra Historia\">Leer m\u00e1s<\/a><\/p>\n","protected":false},"author":1,"featured_media":0,"parent":0,"menu_order":0,"comment_status":"closed","ping_status":"closed","template":"elementor_header_footer","meta":{"footnotes":""},"class_list":["post-135","page","type-page","status-publish"],"_links":{"self":[{"href":"https:\/\/majaconsultinggroup.com\/index.php\/wp-json\/wp\/v2\/pages\/135","targetHints":{"allow":["GET"]}}],"collection":[{"href":"https:\/\/majaconsultinggroup.com\/index.php\/wp-json\/wp\/v2\/pages"}],"about":[{"href":"https:\/\/majaconsultinggroup.com\/index.php\/wp-json\/wp\/v2\/types\/page"}],"author":[{"embeddable":true,"href":"https:\/\/majaconsultinggroup.com\/index.php\/wp-json\/wp\/v2\/users\/1"}],"replies":[{"embeddable":true,"href":"https:\/\/majaconsultinggroup.com\/index.php\/wp-json\/wp\/v2\/comments?post=135"}],"version-history":[{"count":8,"href":"https:\/\/majaconsultinggroup.com\/index.php\/wp-json\/wp\/v2\/pages\/135\/revisions"}],"predecessor-version":[{"id":391,"href":"https:\/\/majaconsultinggroup.com\/index.php\/wp-json\/wp\/v2\/pages\/135\/revisions\/391"}],"wp:attachment":[{"href":"https:\/\/majaconsultinggroup.com\/index.php\/wp-json\/wp\/v2\/media?parent=135"}],"curies":[{"name":"wp","href":"https:\/\/api.w.org\/{rel}","templated":true}]}}