{"id":155,"date":"2023-02-13T18:12:29","date_gmt":"2023-02-13T18:12:29","guid":{"rendered":"https:\/\/majaconsultinggroup.com\/?page_id=155"},"modified":"2023-04-10T16:10:09","modified_gmt":"2023-04-10T16:10:09","slug":"nuestra-fiolosofia","status":"publish","type":"page","link":"https:\/\/majaconsultinggroup.com\/index.php\/nuestra-fiolosofia\/","title":{"rendered":"Nuestra Filosof\u00eda"},"content":{"rendered":"\t\t<div data-elementor-type=\"wp-page\" data-elementor-id=\"155\" class=\"elementor elementor-155\">\n\t\t\t\t\t\t<section class=\"elementor-section elementor-top-section elementor-element elementor-element-9ce6d86 elementor-section-full_width elementor-section-height-default elementor-section-height-default\" data-id=\"9ce6d86\" data-element_type=\"section\">\n\t\t\t\t\t\t<div class=\"elementor-container elementor-column-gap-default\">\n\t\t\t\t\t<div class=\"elementor-column elementor-col-100 elementor-top-column elementor-element elementor-element-ecb33d7\" data-id=\"ecb33d7\" data-element_type=\"column\">\n\t\t\t<div class=\"elementor-widget-wrap elementor-element-populated\">\n\t\t\t\t\t\t<div class=\"elementor-element elementor-element-50e0187 elementor-widget__width-inherit elementor-widget elementor-widget-text-editor\" data-id=\"50e0187\" data-element_type=\"widget\" data-widget_type=\"text-editor.default\">\n\t\t\t\t<div class=\"elementor-widget-container\">\n\t\t\t\t\t\t\t\t\t<h1>\u00a0<\/h1><p>\u00a0<\/p><p>\u00a0<\/p><p>\u00a0<\/p><h1>\u00a0<\/h1><h1 style=\"text-align: center;\"><span style=\"color: #ffffff;\">NUESTRA FILOSOF\u00cdA<\/span><\/h1><p>\u00a0<\/p><p>\u00a0<\/p><p>\u00a0<\/p><p>\u00a0<\/p><p>\u00a0<\/p><p>\u00a0<\/p><p>\u00a0<\/p>\t\t\t\t\t\t\t\t<\/div>\n\t\t\t\t<\/div>\n\t\t\t\t\t<\/div>\n\t\t<\/div>\n\t\t\t\t\t<\/div>\n\t\t<\/section>\n\t\t\t\t<section class=\"elementor-section elementor-top-section elementor-element elementor-element-9f9d677 elementor-section-full_width elementor-section-height-default elementor-section-height-default\" data-id=\"9f9d677\" data-element_type=\"section\">\n\t\t\t\t\t\t<div class=\"elementor-container elementor-column-gap-default\">\n\t\t\t\t\t<div class=\"elementor-column elementor-col-100 elementor-top-column elementor-element elementor-element-505cad7\" data-id=\"505cad7\" data-element_type=\"column\">\n\t\t\t<div class=\"elementor-widget-wrap elementor-element-populated\">\n\t\t\t\t\t\t<div class=\"elementor-element elementor-element-07e0753 elementor-widget elementor-widget-text-editor\" data-id=\"07e0753\" data-element_type=\"widget\" data-widget_type=\"text-editor.default\">\n\t\t\t\t<div class=\"elementor-widget-container\">\n\t\t\t\t\t\t\t\t\t<h2 style=\"padding-left: 40px;\"><span style=\"color: #ffffff;\">MAJA Consulting Group<\/span><\/h2><p style=\"padding-left: 40px;\"><span style=\"color: #ffffff;\">D\u00eda a d\u00eda adquiere su compromiso con la Calidad y la Mejora Continua, para satisfacer las necesidades y expectativas de nuestros clientes; por ello trabajamos acorde con nuestra Filosof\u00eda Operativa, as\u00ed como, en apego a normas y est\u00e1ndares de Calidad que nos rigen.<\/span><\/p>\t\t\t\t\t\t\t\t<\/div>\n\t\t\t\t<\/div>\n\t\t\t\t\t<\/div>\n\t\t<\/div>\n\t\t\t\t\t<\/div>\n\t\t<\/section>\n\t\t\t\t<section class=\"elementor-section elementor-top-section elementor-element elementor-element-eb62514 elementor-section-boxed elementor-section-height-default elementor-section-height-default\" data-id=\"eb62514\" data-element_type=\"section\">\n\t\t\t\t\t\t<div class=\"elementor-container elementor-column-gap-default\">\n\t\t\t\t\t<div class=\"elementor-column elementor-col-50 elementor-top-column elementor-element elementor-element-dae2a1e\" data-id=\"dae2a1e\" data-element_type=\"column\">\n\t\t\t<div class=\"elementor-widget-wrap elementor-element-populated\">\n\t\t\t\t\t\t<div class=\"elementor-element elementor-element-0435cd7 elementor-widget elementor-widget-text-editor\" data-id=\"0435cd7\" data-element_type=\"widget\" data-widget_type=\"text-editor.default\">\n\t\t\t\t<div class=\"elementor-widget-container\">\n\t\t\t\t\t\t\t\t\t<h3 class=\"blue\"><span style=\"color: #000000;\">Pol\u00edtica de Calidad<\/span><\/h3><p><span style=\"color: #000000;\">MAJA Consulting Group, S.A. de C.V. proporciona soluciones inteligentes de Ingenier\u00eda, Seguridad Funcional y construcci\u00f3n para la industria de procesos de alto riesgo, con el compromiso de cumplir los requisitos de nuestros clientes y de mejorar continuamente la eficacia del Sistema de Gesti\u00f3n de la Calidad.<\/span><\/p><h3 class=\"blue\"><span style=\"color: #000000;\">Misi\u00f3n<\/span><\/h3><p><span style=\"color: #000000;\">Estamos comprometidos en reducir, eliminar y mitigar impactos ambientales, p\u00e9rdidas humanas y p\u00e9rdidas de producci\u00f3n de la industria de procesos de alto riesgo, con la experiencia y profesionalismo de un equipo de trabajo altamente especializado que responde satisfactoriamente a los est\u00e1ndares de calidad que demande nuestro cliente, permiti\u00e9ndonos generar relaciones de negocio a largo plazo, estrat\u00e9gicas y rentables.<\/span><\/p><h3 class=\"blue\"><span style=\"color: #000000;\">Nuestra Visi\u00f3n<\/span><\/h3><p><span style=\"color: #000000;\">Ser la empresa m\u00e1s importante de seguridad funcional en el pa\u00eds, con un fuerte reconocimiento internacional.<\/span><\/p>\t\t\t\t\t\t\t\t<\/div>\n\t\t\t\t<\/div>\n\t\t\t\t\t<\/div>\n\t\t<\/div>\n\t\t\t\t<div class=\"elementor-column elementor-col-50 elementor-top-column elementor-element elementor-element-f2b9d54\" data-id=\"f2b9d54\" data-element_type=\"column\">\n\t\t\t<div class=\"elementor-widget-wrap\">\n\t\t\t\t\t\t\t<\/div>\n\t\t<\/div>\n\t\t\t\t\t<\/div>\n\t\t<\/section>\n\t\t\t\t<section class=\"elementor-section elementor-top-section elementor-element elementor-element-6ce5e56 elementor-section-boxed elementor-section-height-default elementor-section-height-default\" data-id=\"6ce5e56\" data-element_type=\"section\">\n\t\t\t\t\t\t<div class=\"elementor-container elementor-column-gap-default\">\n\t\t\t\t\t<div class=\"elementor-column elementor-col-50 elementor-top-column elementor-element elementor-element-cce891c\" data-id=\"cce891c\" data-element_type=\"column\">\n\t\t\t<div class=\"elementor-widget-wrap elementor-element-populated\">\n\t\t\t\t\t\t<div class=\"elementor-element elementor-element-f89d44e elementor-widget elementor-widget-text-editor\" data-id=\"f89d44e\" data-element_type=\"widget\" data-widget_type=\"text-editor.default\">\n\t\t\t\t<div class=\"elementor-widget-container\">\n\t\t\t\t\t\t\t\t\t<h3 class=\"blue\"><span style=\"color: #000000;\">Valores<\/span><\/h3><h4 class=\"list-group-item-heading orange\"><span style=\"color: #0000ff;\">\u00c9tica<\/span><\/h4><p class=\"list-group-item-body\"><span style=\"color: #000000;\">Tener una fuerte convicci\u00f3n de nuestros ideales y actuar con congruencia hacia los mismos, respetando nuestros valores y principios.<\/span><\/p><h4 class=\"list-group-item-heading orange\"><span style=\"color: #0000ff;\">Productividad<\/span><\/h4><p class=\"list-group-item-body\"><span style=\"color: #000000;\">Tener un comportamiento pionero y creativo.<\/span><\/p><h4 class=\"list-group-item-heading orange\"><span style=\"color: #0000ff;\">Puntualidad<\/span><\/h4><p class=\"list-group-item-body\"><span style=\"color: #000000;\">Realizar todas nuestras actividades en tiempo y forma.<\/span><\/p><h4 class=\"list-group-item-heading orange\"><span style=\"color: #0000ff;\">Compromiso<\/span><\/h4><p class=\"list-group-item-body\"><span style=\"color: #000000;\">Estar identificados plenamente con la Misi\u00f3n y Visi\u00f3n de la empresa, y dirigir el esfuerzo al logro de los objetivos con actitud.<\/span><\/p><h4 class=\"list-group-item-heading orange\"><span style=\"color: #0000ff;\">Calidad<\/span><\/h4><p class=\"list-group-item-body\"><span style=\"color: #000000;\">Ser excelente a la primera, actuar a nuestros valores y ser capaces de apegarnos a normas, procesos y pol\u00edticas de la empresa.<\/span><\/p>\t\t\t\t\t\t\t\t<\/div>\n\t\t\t\t<\/div>\n\t\t\t\t\t<\/div>\n\t\t<\/div>\n\t\t\t\t<div class=\"elementor-column elementor-col-50 elementor-top-column elementor-element elementor-element-48b615c\" data-id=\"48b615c\" data-element_type=\"column\">\n\t\t\t<div class=\"elementor-widget-wrap\">\n\t\t\t\t\t\t\t<\/div>\n\t\t<\/div>\n\t\t\t\t\t<\/div>\n\t\t<\/section>\n\t\t\t\t<\/div>\n\t\t","protected":false},"excerpt":{"rendered":"<p>&nbsp; &nbsp; NUESTRA FILOSOF\u00cdA MAJA Consulting Group D\u00eda a d\u00eda adquiere su compromiso con la Calidad y la Mejora Continua, para satisfacer las necesidades y expectativas de nuestros clientes; por ello trabajamos acorde con nuestra Filosof\u00eda Operativa, as\u00ed como, en apego a normas y est\u00e1ndares de Calidad que nos rigen. Pol\u00edtica de Calidad MAJA Consulting &#8230; <a title=\"Nuestra Filosof\u00eda\" class=\"read-more\" href=\"https:\/\/majaconsultinggroup.com\/index.php\/nuestra-fiolosofia\/\" aria-label=\"Leer m\u00e1s sobre Nuestra Filosof\u00eda\">Leer m\u00e1s<\/a><\/p>\n","protected":false},"author":1,"featured_media":0,"parent":0,"menu_order":0,"comment_status":"closed","ping_status":"closed","template":"elementor_header_footer","meta":{"footnotes":""},"class_list":["post-155","page","type-page","status-publish"],"_links":{"self":[{"href":"https:\/\/majaconsultinggroup.com\/index.php\/wp-json\/wp\/v2\/pages\/155","targetHints":{"allow":["GET"]}}],"collection":[{"href":"https:\/\/majaconsultinggroup.com\/index.php\/wp-json\/wp\/v2\/pages"}],"about":[{"href":"https:\/\/majaconsultinggroup.com\/index.php\/wp-json\/wp\/v2\/types\/page"}],"author":[{"embeddable":true,"href":"https:\/\/majaconsultinggroup.com\/index.php\/wp-json\/wp\/v2\/users\/1"}],"replies":[{"embeddable":true,"href":"https:\/\/majaconsultinggroup.com\/index.php\/wp-json\/wp\/v2\/comments?post=155"}],"version-history":[{"count":11,"href":"https:\/\/majaconsultinggroup.com\/index.php\/wp-json\/wp\/v2\/pages\/155\/revisions"}],"predecessor-version":[{"id":527,"href":"https:\/\/majaconsultinggroup.com\/index.php\/wp-json\/wp\/v2\/pages\/155\/revisions\/527"}],"wp:attachment":[{"href":"https:\/\/majaconsultinggroup.com\/index.php\/wp-json\/wp\/v2\/media?parent=155"}],"curies":[{"name":"wp","href":"https:\/\/api.w.org\/{rel}","templated":true}]}}