{"id":163,"date":"2023-02-13T18:28:55","date_gmt":"2023-02-13T18:28:55","guid":{"rendered":"https:\/\/majaconsultinggroup.com\/?page_id=163"},"modified":"2023-02-15T15:57:57","modified_gmt":"2023-02-15T15:57:57","slug":"implementacion-y-evaluacion-de-psm","status":"publish","type":"page","link":"https:\/\/majaconsultinggroup.com\/index.php\/implementacion-y-evaluacion-de-psm\/","title":{"rendered":"Implementaci\u00f3n y evaluaci\u00f3n de PSM"},"content":{"rendered":"\t\t<div data-elementor-type=\"wp-page\" data-elementor-id=\"163\" class=\"elementor elementor-163\">\n\t\t\t\t\t\t<section class=\"elementor-section elementor-top-section elementor-element elementor-element-9f43e7a elementor-section-boxed elementor-section-height-default elementor-section-height-default\" data-id=\"9f43e7a\" data-element_type=\"section\">\n\t\t\t\t\t\t<div class=\"elementor-container elementor-column-gap-default\">\n\t\t\t\t\t<div class=\"elementor-column elementor-col-100 elementor-top-column elementor-element elementor-element-4536dd8\" data-id=\"4536dd8\" data-element_type=\"column\">\n\t\t\t<div class=\"elementor-widget-wrap elementor-element-populated\">\n\t\t\t\t\t\t<div class=\"elementor-element elementor-element-fa58501 elementor-widget__width-inherit elementor-widget elementor-widget-text-editor\" data-id=\"fa58501\" data-element_type=\"widget\" data-widget_type=\"text-editor.default\">\n\t\t\t\t<div class=\"elementor-widget-container\">\n\t\t\t\t\t\t\t\t\t<h1>\u00a0<\/h1><h1>\u00a0<\/h1><p>\u00a0<\/p><h1 style=\"text-align: center;\"><span style=\"color: #ffffff;\">IMPLEMENTACI\u00d3N Y EVALUACI\u00d3N DE PSM<\/span><\/h1><p>\u00a0<\/p><p>\u00a0<\/p><p>\u00a0<\/p><p>\u00a0<\/p>\t\t\t\t\t\t\t\t<\/div>\n\t\t\t\t<\/div>\n\t\t\t\t\t<\/div>\n\t\t<\/div>\n\t\t\t\t\t<\/div>\n\t\t<\/section>\n\t\t\t\t<section class=\"elementor-section elementor-top-section elementor-element elementor-element-fa96ed9 elementor-section-boxed elementor-section-height-default elementor-section-height-default\" data-id=\"fa96ed9\" data-element_type=\"section\">\n\t\t\t\t\t\t<div class=\"elementor-container elementor-column-gap-default\">\n\t\t\t\t\t<div class=\"elementor-column elementor-col-100 elementor-top-column elementor-element elementor-element-1e7cd96\" data-id=\"1e7cd96\" data-element_type=\"column\">\n\t\t\t<div class=\"elementor-widget-wrap elementor-element-populated\">\n\t\t\t\t\t\t<div class=\"elementor-element elementor-element-7d23ba8 elementor-widget__width-inherit elementor-widget elementor-widget-text-editor\" data-id=\"7d23ba8\" data-element_type=\"widget\" data-widget_type=\"text-editor.default\">\n\t\t\t\t<div class=\"elementor-widget-container\">\n\t\t\t\t\t\t\t\t\t<h4 style=\"padding-left: 40px;\">\u00a0<\/h4><h4 style=\"padding-left: 40px;\"><span style=\"color: #ffffff;\">La Administraci\u00f3n de la Seguridad de los Procesos (PSM) es un reglamento, promulgado por la Admi<\/span><span style=\"color: #ffffff;\">nistraci\u00f3n de Salud y Seguridad Ocupacional.<\/span><\/h4><p style=\"padding-left: 40px;\">\u00a0<\/p>\t\t\t\t\t\t\t\t<\/div>\n\t\t\t\t<\/div>\n\t\t\t\t\t<\/div>\n\t\t<\/div>\n\t\t\t\t\t<\/div>\n\t\t<\/section>\n\t\t\t\t<section class=\"elementor-section elementor-top-section elementor-element elementor-element-5ef1627 elementor-section-boxed elementor-section-height-default elementor-section-height-default\" data-id=\"5ef1627\" data-element_type=\"section\">\n\t\t\t\t\t\t<div class=\"elementor-container elementor-column-gap-default\">\n\t\t\t\t\t<div class=\"elementor-column elementor-col-50 elementor-top-column elementor-element elementor-element-d7c2cdb\" data-id=\"d7c2cdb\" data-element_type=\"column\">\n\t\t\t<div class=\"elementor-widget-wrap elementor-element-populated\">\n\t\t\t\t\t\t<div class=\"elementor-element elementor-element-41ff8c3 elementor-widget elementor-widget-text-editor\" data-id=\"41ff8c3\" data-element_type=\"widget\" data-widget_type=\"text-editor.default\">\n\t\t\t\t<div class=\"elementor-widget-container\">\n\t\t\t\t\t\t\t\t\t<p><span style=\"color: #000000;\">Un proceso de alguna actividad o combinaci\u00f3n de actividades, incluyendo el uso, almacenamiento, fabricaci\u00f3n, manipulaci\u00f3n o el movimiento de sustancias qu\u00edmicas altamente peligrosas definidas por la Secretar\u00eda del Trabajo y Previsi\u00f3n Social (STPS) en M\u00e9xico, equivalente a OSHA (Occupational Safety and Health Administration) en Estados Unidos y Secretar\u00eda de Medio Ambiente y Recursos Naturales (SEMARNAT) en M\u00e9xico, equivalente a EPA (Environmental Protection Agency) en Estados Unidos.<\/span><\/p><p><span style=\"color: #000000;\">Administraci\u00f3n de la Seguridad de los Procesos (PSM) se refiere a un conjunto de enfoques inter-relacionados para gestionar los riesgos asociados con las industrias de proceso y est\u00e1 destinado a reducir la frecuencia y severidad de los incidentes resultantes de las liberaciones de los productos qu\u00edmicos y otras fuentes de energ\u00eda.<\/span><\/p>\t\t\t\t\t\t\t\t<\/div>\n\t\t\t\t<\/div>\n\t\t\t\t\t<\/div>\n\t\t<\/div>\n\t\t\t\t<div class=\"elementor-column elementor-col-50 elementor-top-column elementor-element elementor-element-48c61fa\" data-id=\"48c61fa\" data-element_type=\"column\">\n\t\t\t<div class=\"elementor-widget-wrap elementor-element-populated\">\n\t\t\t\t\t\t<div class=\"elementor-element elementor-element-55fa6ac elementor-widget elementor-widget-image\" data-id=\"55fa6ac\" data-element_type=\"widget\" data-widget_type=\"image.default\">\n\t\t\t\t<div class=\"elementor-widget-container\">\n\t\t\t\t\t\t\t\t\t\t\t\t\t\t\t<img fetchpriority=\"high\" decoding=\"async\" width=\"876\" height=\"865\" src=\"https:\/\/majaconsultinggroup.com\/wp-content\/uploads\/2023\/02\/psm.jpg\" class=\"attachment-large size-large wp-image-165\" alt=\"\" srcset=\"https:\/\/majaconsultinggroup.com\/wp-content\/uploads\/2023\/02\/psm.jpg 876w, https:\/\/majaconsultinggroup.com\/wp-content\/uploads\/2023\/02\/psm-300x296.jpg 300w, https:\/\/majaconsultinggroup.com\/wp-content\/uploads\/2023\/02\/psm-768x758.jpg 768w\" sizes=\"(max-width: 876px) 100vw, 876px\" \/>\t\t\t\t\t\t\t\t\t\t\t\t\t\t\t<\/div>\n\t\t\t\t<\/div>\n\t\t\t\t\t<\/div>\n\t\t<\/div>\n\t\t\t\t\t<\/div>\n\t\t<\/section>\n\t\t\t\t<\/div>\n\t\t","protected":false},"excerpt":{"rendered":"<p>&nbsp; &nbsp; IMPLEMENTACI\u00d3N Y EVALUACI\u00d3N DE PSM &nbsp; La Administraci\u00f3n de la Seguridad de los Procesos (PSM) es un reglamento, promulgado por la Administraci\u00f3n de Salud y Seguridad Ocupacional. Un proceso de alguna actividad o combinaci\u00f3n de actividades, incluyendo el uso, almacenamiento, fabricaci\u00f3n, manipulaci\u00f3n o el movimiento de sustancias qu\u00edmicas altamente peligrosas definidas por la &#8230; <a title=\"Implementaci\u00f3n y evaluaci\u00f3n de PSM\" class=\"read-more\" href=\"https:\/\/majaconsultinggroup.com\/index.php\/implementacion-y-evaluacion-de-psm\/\" aria-label=\"Leer m\u00e1s sobre Implementaci\u00f3n y evaluaci\u00f3n de PSM\">Leer m\u00e1s<\/a><\/p>\n","protected":false},"author":1,"featured_media":0,"parent":0,"menu_order":0,"comment_status":"closed","ping_status":"closed","template":"elementor_header_footer","meta":{"footnotes":""},"class_list":["post-163","page","type-page","status-publish"],"_links":{"self":[{"href":"https:\/\/majaconsultinggroup.com\/index.php\/wp-json\/wp\/v2\/pages\/163","targetHints":{"allow":["GET"]}}],"collection":[{"href":"https:\/\/majaconsultinggroup.com\/index.php\/wp-json\/wp\/v2\/pages"}],"about":[{"href":"https:\/\/majaconsultinggroup.com\/index.php\/wp-json\/wp\/v2\/types\/page"}],"author":[{"embeddable":true,"href":"https:\/\/majaconsultinggroup.com\/index.php\/wp-json\/wp\/v2\/users\/1"}],"replies":[{"embeddable":true,"href":"https:\/\/majaconsultinggroup.com\/index.php\/wp-json\/wp\/v2\/comments?post=163"}],"version-history":[{"count":5,"href":"https:\/\/majaconsultinggroup.com\/index.php\/wp-json\/wp\/v2\/pages\/163\/revisions"}],"predecessor-version":[{"id":268,"href":"https:\/\/majaconsultinggroup.com\/index.php\/wp-json\/wp\/v2\/pages\/163\/revisions\/268"}],"wp:attachment":[{"href":"https:\/\/majaconsultinggroup.com\/index.php\/wp-json\/wp\/v2\/media?parent=163"}],"curies":[{"name":"wp","href":"https:\/\/api.w.org\/{rel}","templated":true}]}}