{"id":169,"date":"2023-02-13T18:37:39","date_gmt":"2023-02-13T18:37:39","guid":{"rendered":"https:\/\/majaconsultinggroup.com\/?page_id=169"},"modified":"2023-02-15T15:57:36","modified_gmt":"2023-02-15T15:57:36","slug":"evaluacion-y-analisis-de-riesgo","status":"publish","type":"page","link":"https:\/\/majaconsultinggroup.com\/index.php\/evaluacion-y-analisis-de-riesgo\/","title":{"rendered":"Evaluaci\u00f3n y an\u00e1lisis de riesgo"},"content":{"rendered":"\t\t<div data-elementor-type=\"wp-page\" data-elementor-id=\"169\" class=\"elementor elementor-169\">\n\t\t\t\t\t\t<section class=\"elementor-section elementor-top-section elementor-element elementor-element-7ff40d1 elementor-section-boxed elementor-section-height-default elementor-section-height-default\" data-id=\"7ff40d1\" data-element_type=\"section\">\n\t\t\t\t\t\t<div class=\"elementor-container elementor-column-gap-default\">\n\t\t\t\t\t<div class=\"elementor-column elementor-col-100 elementor-top-column elementor-element elementor-element-fc0f8d0\" data-id=\"fc0f8d0\" data-element_type=\"column\">\n\t\t\t<div class=\"elementor-widget-wrap elementor-element-populated\">\n\t\t\t\t\t\t<div class=\"elementor-element elementor-element-15a9b1f elementor-widget__width-inherit elementor-widget elementor-widget-text-editor\" data-id=\"15a9b1f\" data-element_type=\"widget\" data-widget_type=\"text-editor.default\">\n\t\t\t\t<div class=\"elementor-widget-container\">\n\t\t\t\t\t\t\t\t\t<h1>\u00a0<\/h1><h1>\u00a0<\/h1><h1>\u00a0<\/h1><h1 style=\"text-align: center;\"><span style=\"color: #ffffff;\">EVALUACI\u00d3N Y AN\u00c1LISIS DE RIESGO<\/span><\/h1><p>\u00a0<\/p><p>\u00a0<\/p><p>\u00a0<\/p>\t\t\t\t\t\t\t\t<\/div>\n\t\t\t\t<\/div>\n\t\t\t\t\t<\/div>\n\t\t<\/div>\n\t\t\t\t\t<\/div>\n\t\t<\/section>\n\t\t\t\t<section class=\"elementor-section elementor-top-section elementor-element elementor-element-af910d4 elementor-section-full_width elementor-section-height-default elementor-section-height-default\" data-id=\"af910d4\" data-element_type=\"section\">\n\t\t\t\t\t\t<div class=\"elementor-container elementor-column-gap-default\">\n\t\t\t\t\t<div class=\"elementor-column elementor-col-100 elementor-top-column elementor-element elementor-element-d97261d\" data-id=\"d97261d\" data-element_type=\"column\">\n\t\t\t<div class=\"elementor-widget-wrap elementor-element-populated\">\n\t\t\t\t\t\t<div class=\"elementor-element elementor-element-f666bfe elementor-widget elementor-widget-text-editor\" data-id=\"f666bfe\" data-element_type=\"widget\" data-widget_type=\"text-editor.default\">\n\t\t\t\t<div class=\"elementor-widget-container\">\n\t\t\t\t\t\t\t\t\t<h4>\u00a0<\/h4><h4 style=\"padding-left: 40px;\"><span style=\"color: #ffffff;\">Con el incremento de la presi\u00f3n social y econ\u00f3mica, impulsada por los \u00faltimos desastres naturales e industriales, la legislaci\u00f3n de varios pa\u00edses en materia de seguridad industrial ha llegado a ser m\u00e1s exigente y rigurosa.<\/span><\/h4><p>\u00a0<\/p>\t\t\t\t\t\t\t\t<\/div>\n\t\t\t\t<\/div>\n\t\t\t\t\t<\/div>\n\t\t<\/div>\n\t\t\t\t\t<\/div>\n\t\t<\/section>\n\t\t\t\t<section class=\"elementor-section elementor-top-section elementor-element elementor-element-bb57ced elementor-section-full_width elementor-section-height-default elementor-section-height-default\" data-id=\"bb57ced\" data-element_type=\"section\">\n\t\t\t\t\t\t<div class=\"elementor-container elementor-column-gap-default\">\n\t\t\t\t\t<div class=\"elementor-column elementor-col-25 elementor-top-column elementor-element elementor-element-c3081db\" data-id=\"c3081db\" data-element_type=\"column\">\n\t\t\t<div class=\"elementor-widget-wrap elementor-element-populated\">\n\t\t\t\t\t\t<div class=\"elementor-element elementor-element-f8526b3 elementor-widget elementor-widget-image\" data-id=\"f8526b3\" data-element_type=\"widget\" data-widget_type=\"image.default\">\n\t\t\t\t<div class=\"elementor-widget-container\">\n\t\t\t\t\t\t\t\t\t\t\t\t\t\t\t<img fetchpriority=\"high\" decoding=\"async\" width=\"301\" height=\"640\" src=\"https:\/\/majaconsultinggroup.com\/wp-content\/uploads\/2023\/02\/alarp.png\" class=\"attachment-large size-large wp-image-174\" alt=\"\" srcset=\"https:\/\/majaconsultinggroup.com\/wp-content\/uploads\/2023\/02\/alarp.png 301w, https:\/\/majaconsultinggroup.com\/wp-content\/uploads\/2023\/02\/alarp-141x300.png 141w\" sizes=\"(max-width: 301px) 100vw, 301px\" \/>\t\t\t\t\t\t\t\t\t\t\t\t\t\t\t<\/div>\n\t\t\t\t<\/div>\n\t\t\t\t\t<\/div>\n\t\t<\/div>\n\t\t\t\t<div class=\"elementor-column elementor-col-25 elementor-top-column elementor-element elementor-element-e0b1df9\" data-id=\"e0b1df9\" data-element_type=\"column\">\n\t\t\t<div class=\"elementor-widget-wrap elementor-element-populated\">\n\t\t\t\t\t\t<div class=\"elementor-element elementor-element-10c6caf elementor-widget elementor-widget-text-editor\" data-id=\"10c6caf\" data-element_type=\"widget\" data-widget_type=\"text-editor.default\">\n\t\t\t\t<div class=\"elementor-widget-container\">\n\t\t\t\t\t\t\t\t\t<h3 class=\"blue\"><span style=\"color: #000000;\">MAJA Consulting Group<\/span><\/h3><p><span style=\"color: #000000;\">apegada al Ciclo de Vida de Seguridad Funcional ha desarrollado metodolog\u00edas para la identificaci\u00f3n, an\u00e1lisis y evaluaci\u00f3n del peligro, obteniendo recomendaciones de soluciones inteligentes para reducir el riesgo a un nivel tolerable.<\/span><\/p><p><span style=\"color: #000000;\">A trav\u00e9s del An\u00e1lisis de Riesgo se identifica, analiza y eval\u00faa la probabilidad de ocurrencia de da\u00f1os asociados con el proceso, con el fin de controlar y prevenir incidentes\/accidentes, mitigando las consecuencias para evitar p\u00e9rdidas humanas, da\u00f1os a la salud, a la propiedad, instalaciones y medio ambiente.<\/span><\/p><p><span style=\"color: #000000;\">El Principio ALARP (As Low As Reasonably Practicable) nos permite decidir sobre las medidas de control para mantener el riesgo en niveles tan bajo como sea razonablemente pr\u00e1ctico.<\/span><\/p>\t\t\t\t\t\t\t\t<\/div>\n\t\t\t\t<\/div>\n\t\t\t\t\t<\/div>\n\t\t<\/div>\n\t\t\t\t<div class=\"elementor-column elementor-col-25 elementor-top-column elementor-element elementor-element-9738d69\" data-id=\"9738d69\" data-element_type=\"column\">\n\t\t\t<div class=\"elementor-widget-wrap elementor-element-populated\">\n\t\t\t\t\t\t<div class=\"elementor-element elementor-element-4fa6a3c elementor-widget elementor-widget-text-editor\" data-id=\"4fa6a3c\" data-element_type=\"widget\" data-widget_type=\"text-editor.default\">\n\t\t\t\t<div class=\"elementor-widget-container\">\n\t\t\t\t\t\t\t\t\t<h3 class=\"blue\"><span style=\"color: #000000;\">Metodolog\u00edas<\/span><\/h3><div class=\"list-group\"><h4 class=\"list-group-item-heading orange\"><span style=\"color: #000000;\">A) Cualitativas<\/span><\/h4><ul class=\"list-group-item-body\"><li><span style=\"color: #000000;\">Identificaci\u00f3n del Peligro (HazId).<\/span><\/li><li><span style=\"color: #000000;\">An\u00e1lisis de Peligros y Operabilidad (HazOp).<\/span><\/li><li><span style=\"color: #000000;\">Listas de Verificaci\u00f3n (Check List).<\/span><\/li><li><span style=\"color: #000000;\">\u00bfQu\u00e9 pasa si? (What if\u2026?).<\/span><\/li><li><span style=\"color: #000000;\">An\u00e1lisis de Modos de Fallas y sus Efectos (FMEA).<\/span><\/li><\/ul><h4 class=\"list-group-item-heading orange\"><span style=\"color: #000000;\">B) Cuantitativas<\/span><\/h4><ul class=\"list-group-item-body\"><li><span style=\"color: #000000;\">An\u00e1lisis de \u00c1rbol de Fallas (AAF).<\/span><\/li><li><span style=\"color: #000000;\">An\u00e1lisis de Consecuencias (AC).<\/span><\/li><\/ul><h4 class=\"list-group-item-heading orange\"><span style=\"color: #000000;\">C) Semicuantitativas<\/span><\/h4><ul class=\"list-group-item-body\"><li><span style=\"color: #000000;\">An\u00e1lisis de \u00c1rbol de Eventos (AAE \/ ETA).<\/span><\/li><li><span style=\"color: #000000;\">An\u00e1lisis de las Capas de Protecci\u00f3n (LOPA).<\/span><\/li><\/ul><\/div>\t\t\t\t\t\t\t\t<\/div>\n\t\t\t\t<\/div>\n\t\t\t\t\t<\/div>\n\t\t<\/div>\n\t\t\t\t<div class=\"elementor-column elementor-col-25 elementor-top-column elementor-element elementor-element-36070c4\" data-id=\"36070c4\" data-element_type=\"column\">\n\t\t\t<div class=\"elementor-widget-wrap elementor-element-populated\">\n\t\t\t\t\t\t<div class=\"elementor-element elementor-element-0788c93 elementor-widget elementor-widget-image\" data-id=\"0788c93\" data-element_type=\"widget\" data-widget_type=\"image.default\">\n\t\t\t\t<div class=\"elementor-widget-container\">\n\t\t\t\t\t\t\t\t\t\t\t\t\t\t\t<img decoding=\"async\" width=\"235\" height=\"377\" src=\"https:\/\/majaconsultinggroup.com\/wp-content\/uploads\/2023\/02\/analisis_02.png\" class=\"attachment-large size-large wp-image-173\" alt=\"\" srcset=\"https:\/\/majaconsultinggroup.com\/wp-content\/uploads\/2023\/02\/analisis_02.png 235w, https:\/\/majaconsultinggroup.com\/wp-content\/uploads\/2023\/02\/analisis_02-187x300.png 187w\" sizes=\"(max-width: 235px) 100vw, 235px\" \/>\t\t\t\t\t\t\t\t\t\t\t\t\t\t\t<\/div>\n\t\t\t\t<\/div>\n\t\t\t\t\t<\/div>\n\t\t<\/div>\n\t\t\t\t\t<\/div>\n\t\t<\/section>\n\t\t\t\t<\/div>\n\t\t","protected":false},"excerpt":{"rendered":"<p>&nbsp; &nbsp; &nbsp; EVALUACI\u00d3N Y AN\u00c1LISIS DE RIESGO &nbsp; Con el incremento de la presi\u00f3n social y econ\u00f3mica, impulsada por los \u00faltimos desastres naturales e industriales, la legislaci\u00f3n de varios pa\u00edses en materia de seguridad industrial ha llegado a ser m\u00e1s exigente y rigurosa. MAJA Consulting Group apegada al Ciclo de Vida de Seguridad Funcional &#8230; <a title=\"Evaluaci\u00f3n y an\u00e1lisis de riesgo\" class=\"read-more\" href=\"https:\/\/majaconsultinggroup.com\/index.php\/evaluacion-y-analisis-de-riesgo\/\" aria-label=\"Leer m\u00e1s sobre Evaluaci\u00f3n y an\u00e1lisis de riesgo\">Leer m\u00e1s<\/a><\/p>\n","protected":false},"author":1,"featured_media":0,"parent":0,"menu_order":0,"comment_status":"closed","ping_status":"closed","template":"elementor_header_footer","meta":{"footnotes":""},"class_list":["post-169","page","type-page","status-publish"],"_links":{"self":[{"href":"https:\/\/majaconsultinggroup.com\/index.php\/wp-json\/wp\/v2\/pages\/169","targetHints":{"allow":["GET"]}}],"collection":[{"href":"https:\/\/majaconsultinggroup.com\/index.php\/wp-json\/wp\/v2\/pages"}],"about":[{"href":"https:\/\/majaconsultinggroup.com\/index.php\/wp-json\/wp\/v2\/types\/page"}],"author":[{"embeddable":true,"href":"https:\/\/majaconsultinggroup.com\/index.php\/wp-json\/wp\/v2\/users\/1"}],"replies":[{"embeddable":true,"href":"https:\/\/majaconsultinggroup.com\/index.php\/wp-json\/wp\/v2\/comments?post=169"}],"version-history":[{"count":8,"href":"https:\/\/majaconsultinggroup.com\/index.php\/wp-json\/wp\/v2\/pages\/169\/revisions"}],"predecessor-version":[{"id":267,"href":"https:\/\/majaconsultinggroup.com\/index.php\/wp-json\/wp\/v2\/pages\/169\/revisions\/267"}],"wp:attachment":[{"href":"https:\/\/majaconsultinggroup.com\/index.php\/wp-json\/wp\/v2\/media?parent=169"}],"curies":[{"name":"wp","href":"https:\/\/api.w.org\/{rel}","templated":true}]}}