{"id":191,"date":"2023-02-13T19:44:01","date_gmt":"2023-02-13T19:44:01","guid":{"rendered":"https:\/\/majaconsultinggroup.com\/?page_id=191"},"modified":"2023-04-18T00:35:15","modified_gmt":"2023-04-18T00:35:15","slug":"elementor-191","status":"publish","type":"page","link":"https:\/\/majaconsultinggroup.com\/index.php\/elementor-191\/","title":{"rendered":"Sistemas contra incendio"},"content":{"rendered":"\t\t<div data-elementor-type=\"wp-page\" data-elementor-id=\"191\" class=\"elementor elementor-191\">\n\t\t\t\t\t\t<section class=\"elementor-section elementor-top-section elementor-element elementor-element-c5340aa elementor-section-full_width elementor-section-height-default elementor-section-height-default\" data-id=\"c5340aa\" data-element_type=\"section\">\n\t\t\t\t\t\t<div class=\"elementor-container elementor-column-gap-default\">\n\t\t\t\t\t<div class=\"elementor-column elementor-col-100 elementor-top-column elementor-element elementor-element-1accd17\" data-id=\"1accd17\" data-element_type=\"column\">\n\t\t\t<div class=\"elementor-widget-wrap elementor-element-populated\">\n\t\t\t\t\t\t<div class=\"elementor-element elementor-element-e0b0d88 elementor-widget elementor-widget-text-editor\" data-id=\"e0b0d88\" data-element_type=\"widget\" data-widget_type=\"text-editor.default\">\n\t\t\t\t<div class=\"elementor-widget-container\">\n\t\t\t\t\t\t\t\t\t<h1>\u00a0<\/h1><h1>\u00a0<\/h1><h1>\u00a0<\/h1><h1 style=\"text-align: center;\"><span style=\"color: #ffffff;\">SISTEMAS CONTRA INCENDIO<\/span><\/h1><p>\u00a0<\/p><p>\u00a0<\/p><p>\u00a0<\/p>\t\t\t\t\t\t\t\t<\/div>\n\t\t\t\t<\/div>\n\t\t\t\t\t<\/div>\n\t\t<\/div>\n\t\t\t\t\t<\/div>\n\t\t<\/section>\n\t\t\t\t<section class=\"elementor-section elementor-top-section elementor-element elementor-element-e25d0b6 elementor-section-full_width elementor-section-height-default elementor-section-height-default\" data-id=\"e25d0b6\" data-element_type=\"section\">\n\t\t\t\t\t\t<div class=\"elementor-container elementor-column-gap-default\">\n\t\t\t\t\t<div class=\"elementor-column elementor-col-100 elementor-top-column elementor-element elementor-element-d855400\" data-id=\"d855400\" data-element_type=\"column\">\n\t\t\t<div class=\"elementor-widget-wrap elementor-element-populated\">\n\t\t\t\t\t\t<div class=\"elementor-element elementor-element-61dd167 elementor-widget elementor-widget-text-editor\" data-id=\"61dd167\" data-element_type=\"widget\" data-widget_type=\"text-editor.default\">\n\t\t\t\t<div class=\"elementor-widget-container\">\n\t\t\t\t\t\t\t\t\t<p>\u00a0<\/p><p style=\"padding-left: 40px;\"><span style=\"color: #ffffff;\">Los procesos industriales que manejan, transportan o almacenan sustancias peligrosas, requieren contar con sistemas de mitigaci\u00f3n que permitan el combate, control y extinci\u00f3n de incendios, protegiendo al personal, medio ambiente, instalaciones y a la producci\u00f3n.<\/span><\/p><p>\u00a0<\/p>\t\t\t\t\t\t\t\t<\/div>\n\t\t\t\t<\/div>\n\t\t\t\t\t<\/div>\n\t\t<\/div>\n\t\t\t\t\t<\/div>\n\t\t<\/section>\n\t\t\t\t<section class=\"elementor-section elementor-top-section elementor-element elementor-element-16f76b4 elementor-section-boxed elementor-section-height-default elementor-section-height-default\" data-id=\"16f76b4\" data-element_type=\"section\">\n\t\t\t\t\t\t<div class=\"elementor-container elementor-column-gap-default\">\n\t\t\t\t\t<div class=\"elementor-column elementor-col-100 elementor-top-column elementor-element elementor-element-51dd91f\" data-id=\"51dd91f\" data-element_type=\"column\">\n\t\t\t<div class=\"elementor-widget-wrap elementor-element-populated\">\n\t\t\t\t\t\t<div class=\"elementor-element elementor-element-4222eb5 elementor-widget elementor-widget-text-editor\" data-id=\"4222eb5\" data-element_type=\"widget\" data-widget_type=\"text-editor.default\">\n\t\t\t\t<div class=\"elementor-widget-container\">\n\t\t\t\t\t\t\t\t\t<h3 class=\"blue\"><span style=\"color: #000080;\">MAJA Consulting Group<\/span><\/h3><p><span style=\"color: #000000;\">Ofrecemos soluciones en dise\u00f1o y evaluaci\u00f3n de Sistemas Contra Incendio acordes con la Normativa Vigente, empleando tecnolog\u00eda vanguardista en los mecanismos de extinci\u00f3n y supresi\u00f3n adecuados a las necesidades de nuestros clientes.<\/span><\/p><h3 class=\"blue\"><span style=\"color: #000080;\">Agentes y Mecanismos<\/span><\/h3><p><span style=\"color: #000000;\">Los agentes y mecanismos de extinci\u00f3n aplicados en los sistemas Contra Incendio en MCG son:<\/span><\/p><div class=\"list-group\"><p class=\"list-group-item-body\"><span style=\"color: #000000;\">Agua.<\/span><\/p><p class=\"list-group-item-body\"><span style=\"color: #000000;\">Espuma.<\/span><\/p><p class=\"list-group-item-body\"><span style=\"color: #000000;\">Di\u00f3xido de Carbono.<\/span><\/p><p class=\"list-group-item-body\"><span style=\"color: #000000;\">Agente Limpio.<\/span><\/p><p class=\"list-group-item-body\"><span style=\"color: #000000;\">Agentes Quimicos.<\/span><\/p><\/div>\t\t\t\t\t\t\t\t<\/div>\n\t\t\t\t<\/div>\n\t\t\t\t\t<\/div>\n\t\t<\/div>\n\t\t\t\t\t<\/div>\n\t\t<\/section>\n\t\t\t\t<section class=\"elementor-section elementor-top-section elementor-element elementor-element-097358f elementor-section-boxed elementor-section-height-default elementor-section-height-default\" data-id=\"097358f\" data-element_type=\"section\">\n\t\t\t\t\t\t<div class=\"elementor-container elementor-column-gap-default\">\n\t\t\t\t\t<div class=\"elementor-column elementor-col-100 elementor-top-column elementor-element elementor-element-e71fd87\" data-id=\"e71fd87\" data-element_type=\"column\">\n\t\t\t<div class=\"elementor-widget-wrap\">\n\t\t\t\t\t\t\t<\/div>\n\t\t<\/div>\n\t\t\t\t\t<\/div>\n\t\t<\/section>\n\t\t\t\t<\/div>\n\t\t","protected":false},"excerpt":{"rendered":"<p>\u00a0 \u00a0 \u00a0 SISTEMAS CONTRA INCENDIO \u00a0 \u00a0 \u00a0 \u00a0 Los procesos industriales que manejan, transportan o almacenan sustancias peligrosas, requieren contar con sistemas de mitigaci\u00f3n que permitan el combate, control y extinci\u00f3n de incendios, protegiendo al personal, medio ambiente, instalaciones y a la producci\u00f3n. \u00a0 MAJA Consulting Group Ofrecemos soluciones en dise\u00f1o y evaluaci\u00f3n &#8230; <a title=\"Sistemas contra incendio\" class=\"read-more\" href=\"https:\/\/majaconsultinggroup.com\/index.php\/elementor-191\/\" aria-label=\"Leer m\u00e1s sobre Sistemas contra incendio\">Leer m\u00e1s<\/a><\/p>\n","protected":false},"author":1,"featured_media":0,"parent":0,"menu_order":0,"comment_status":"closed","ping_status":"closed","template":"elementor_header_footer","meta":{"footnotes":""},"class_list":["post-191","page","type-page","status-publish"],"_links":{"self":[{"href":"https:\/\/majaconsultinggroup.com\/index.php\/wp-json\/wp\/v2\/pages\/191","targetHints":{"allow":["GET"]}}],"collection":[{"href":"https:\/\/majaconsultinggroup.com\/index.php\/wp-json\/wp\/v2\/pages"}],"about":[{"href":"https:\/\/majaconsultinggroup.com\/index.php\/wp-json\/wp\/v2\/types\/page"}],"author":[{"embeddable":true,"href":"https:\/\/majaconsultinggroup.com\/index.php\/wp-json\/wp\/v2\/users\/1"}],"replies":[{"embeddable":true,"href":"https:\/\/majaconsultinggroup.com\/index.php\/wp-json\/wp\/v2\/comments?post=191"}],"version-history":[{"count":21,"href":"https:\/\/majaconsultinggroup.com\/index.php\/wp-json\/wp\/v2\/pages\/191\/revisions"}],"predecessor-version":[{"id":571,"href":"https:\/\/majaconsultinggroup.com\/index.php\/wp-json\/wp\/v2\/pages\/191\/revisions\/571"}],"wp:attachment":[{"href":"https:\/\/majaconsultinggroup.com\/index.php\/wp-json\/wp\/v2\/media?parent=191"}],"curies":[{"name":"wp","href":"https:\/\/api.w.org\/{rel}","templated":true}]}}