{"id":212,"date":"2023-02-14T00:26:53","date_gmt":"2023-02-14T00:26:53","guid":{"rendered":"https:\/\/majaconsultinggroup.com\/?page_id=212"},"modified":"2023-03-06T22:34:15","modified_gmt":"2023-03-06T22:34:15","slug":"modelos-electronicos-tridimensionales-inteligentes","status":"publish","type":"page","link":"https:\/\/majaconsultinggroup.com\/index.php\/modelos-electronicos-tridimensionales-inteligentes\/","title":{"rendered":"Modelos Electr\u00f3nicos Tridimensionales Inteligentes (METI)"},"content":{"rendered":"\t\t<div data-elementor-type=\"wp-page\" data-elementor-id=\"212\" class=\"elementor elementor-212\">\n\t\t\t\t\t\t<section class=\"elementor-section elementor-top-section elementor-element elementor-element-87acfd1 elementor-section-full_width elementor-section-height-default elementor-section-height-default\" data-id=\"87acfd1\" data-element_type=\"section\" data-settings=\"{&quot;background_background&quot;:&quot;video&quot;}\">\n\t\t\t\t\t\t<div class=\"elementor-container elementor-column-gap-no\">\n\t\t\t\t\t<div class=\"elementor-column elementor-col-100 elementor-top-column elementor-element elementor-element-08d41bb\" data-id=\"08d41bb\" data-element_type=\"column\">\n\t\t\t<div class=\"elementor-widget-wrap elementor-element-populated\">\n\t\t\t\t\t\t<div class=\"elementor-element elementor-element-eb1ca6d elementor-widget__width-inherit elementor-widget elementor-widget-text-editor\" data-id=\"eb1ca6d\" data-element_type=\"widget\" data-widget_type=\"text-editor.default\">\n\t\t\t\t<div class=\"elementor-widget-container\">\n\t\t\t\t\t\t\t\t\t<h1 style=\"text-align: center;\"><span style=\"color: #000080;\">MODELOS ELECTR\u00d3NICOS TRIDIMENSIONALES INTELIGENTES<\/span><\/h1>\t\t\t\t\t\t\t\t<\/div>\n\t\t\t\t<\/div>\n\t\t\t\t\t<\/div>\n\t\t<\/div>\n\t\t\t\t\t<\/div>\n\t\t<\/section>\n\t\t\t\t<section class=\"elementor-section elementor-top-section elementor-element elementor-element-648a314 elementor-section-full_width elementor-section-height-default elementor-section-height-default\" data-id=\"648a314\" data-element_type=\"section\">\n\t\t\t\t\t\t<div class=\"elementor-container elementor-column-gap-default\">\n\t\t\t\t\t<div class=\"elementor-column elementor-col-100 elementor-top-column elementor-element elementor-element-c6a1333\" data-id=\"c6a1333\" data-element_type=\"column\">\n\t\t\t<div class=\"elementor-widget-wrap elementor-element-populated\">\n\t\t\t\t\t\t<div class=\"elementor-element elementor-element-8424fc1 elementor-widget elementor-widget-video\" data-id=\"8424fc1\" data-element_type=\"widget\" data-settings=\"{&quot;video_type&quot;:&quot;hosted&quot;,&quot;autoplay&quot;:&quot;yes&quot;,&quot;play_on_mobile&quot;:&quot;yes&quot;,&quot;mute&quot;:&quot;yes&quot;,&quot;loop&quot;:&quot;yes&quot;}\" data-widget_type=\"video.default\">\n\t\t\t\t<div class=\"elementor-widget-container\">\n\t\t\t\t\t\t\t<div class=\"e-hosted-video elementor-wrapper elementor-open-inline\">\n\t\t\t\t\t<video class=\"elementor-video\" src=\"https:\/\/majaconsultinggroup.com\/wp-content\/uploads\/2023\/03\/y2mate.com-CONSTRUCCION-Y-REMODELACION-DE-ESTACION-DE-COMPRESION-DE-GAS-CEMPOALA-VERACRUZ_1080pFHR_1.mp4\" autoplay=\"\" loop=\"\" muted=\"muted\" playsinline=\"\" controlsList=\"nodownload\"><\/video>\n\t\t\t\t<\/div>\n\t\t\t\t\t\t<\/div>\n\t\t\t\t<\/div>\n\t\t\t\t\t<\/div>\n\t\t<\/div>\n\t\t\t\t\t<\/div>\n\t\t<\/section>\n\t\t\t\t<section class=\"elementor-section elementor-top-section elementor-element elementor-element-54466ba elementor-section-full_width elementor-section-height-default elementor-section-height-default\" data-id=\"54466ba\" data-element_type=\"section\">\n\t\t\t\t\t\t<div class=\"elementor-container elementor-column-gap-default\">\n\t\t\t\t\t<div class=\"elementor-column elementor-col-100 elementor-top-column elementor-element elementor-element-8693afe\" data-id=\"8693afe\" data-element_type=\"column\">\n\t\t\t<div class=\"elementor-widget-wrap elementor-element-populated\">\n\t\t\t\t\t\t<div class=\"elementor-element elementor-element-a8aeb47 elementor-widget elementor-widget-text-editor\" data-id=\"a8aeb47\" data-element_type=\"widget\" data-widget_type=\"text-editor.default\">\n\t\t\t\t<div class=\"elementor-widget-container\">\n\t\t\t\t\t\t\t\t\t<h3><span style=\"color: #ffffff;\">Es la representaci\u00f3n gr\u00e1fica a escala 1:1 realizada en tres dimensiones, mediante un sistema CADD\/CAE y conformada por un conjunto de elementos con atributos asociados a una base de datos relacional.<\/span><\/h3>\t\t\t\t\t\t\t\t<\/div>\n\t\t\t\t<\/div>\n\t\t\t\t\t<\/div>\n\t\t<\/div>\n\t\t\t\t\t<\/div>\n\t\t<\/section>\n\t\t\t\t<section class=\"elementor-section elementor-top-section elementor-element elementor-element-a4ddddd elementor-section-boxed elementor-section-height-default elementor-section-height-default\" data-id=\"a4ddddd\" data-element_type=\"section\">\n\t\t\t\t\t\t<div class=\"elementor-container elementor-column-gap-default\">\n\t\t\t\t\t<div class=\"elementor-column elementor-col-33 elementor-top-column elementor-element elementor-element-88c25d6\" data-id=\"88c25d6\" data-element_type=\"column\">\n\t\t\t<div class=\"elementor-widget-wrap elementor-element-populated\">\n\t\t\t\t\t\t<div class=\"elementor-element elementor-element-0cca891 elementor-widget elementor-widget-text-editor\" data-id=\"0cca891\" data-element_type=\"widget\" data-widget_type=\"text-editor.default\">\n\t\t\t\t<div class=\"elementor-widget-container\">\n\t\t\t\t\t\t\t\t\t<p><img fetchpriority=\"high\" decoding=\"async\" class=\"aligncenter wp-image-351 size-full\" src=\"https:\/\/majaconsultinggroup.com\/wp-content\/uploads\/2023\/03\/tridimensionales_04.png\" alt=\"\" width=\"438\" height=\"986\" srcset=\"https:\/\/majaconsultinggroup.com\/wp-content\/uploads\/2023\/03\/tridimensionales_04.png 438w, https:\/\/majaconsultinggroup.com\/wp-content\/uploads\/2023\/03\/tridimensionales_04-133x300.png 133w\" sizes=\"(max-width: 438px) 100vw, 438px\" \/><\/p><p><img decoding=\"async\" class=\"aligncenter wp-image-352 size-full\" src=\"https:\/\/majaconsultinggroup.com\/wp-content\/uploads\/2023\/03\/IMG_5556-scaled.jpg\" alt=\"\" width=\"1963\" height=\"2560\" srcset=\"https:\/\/majaconsultinggroup.com\/wp-content\/uploads\/2023\/03\/IMG_5556-scaled.jpg 1963w, https:\/\/majaconsultinggroup.com\/wp-content\/uploads\/2023\/03\/IMG_5556-230x300.jpg 230w, https:\/\/majaconsultinggroup.com\/wp-content\/uploads\/2023\/03\/IMG_5556-785x1024.jpg 785w, https:\/\/majaconsultinggroup.com\/wp-content\/uploads\/2023\/03\/IMG_5556-768x1002.jpg 768w, https:\/\/majaconsultinggroup.com\/wp-content\/uploads\/2023\/03\/IMG_5556-1178x1536.jpg 1178w, https:\/\/majaconsultinggroup.com\/wp-content\/uploads\/2023\/03\/IMG_5556-1570x2048.jpg 1570w\" sizes=\"(max-width: 1963px) 100vw, 1963px\" \/><\/p>\t\t\t\t\t\t\t\t<\/div>\n\t\t\t\t<\/div>\n\t\t\t\t\t<\/div>\n\t\t<\/div>\n\t\t\t\t<div class=\"elementor-column elementor-col-33 elementor-top-column elementor-element elementor-element-6403df5\" data-id=\"6403df5\" data-element_type=\"column\">\n\t\t\t<div class=\"elementor-widget-wrap elementor-element-populated\">\n\t\t\t\t\t\t<div class=\"elementor-element elementor-element-7807221 elementor-widget elementor-widget-text-editor\" data-id=\"7807221\" data-element_type=\"widget\" data-widget_type=\"text-editor.default\">\n\t\t\t\t<div class=\"elementor-widget-container\">\n\t\t\t\t\t\t\t\t\t<h3 class=\"blue\"><span style=\"color: #000000;\">Ventajas de un Modelo Electronico Tridimensional Inteligente<\/span><\/h3><p class=\"list-group-item-body\"><span style=\"color: #000000;\">Optimizar el control de la programaci\u00f3n y ejecuci\u00f3n del mantenimiento de los componentes de las instalaciones.<\/span><\/p><p class=\"list-group-item-body\"><span style=\"color: #000000;\">Efectuar el an\u00e1lisis y estudio de maniobras en trabajos que impliquen alg\u00fan riesgo al personal, previo a la realizaci\u00f3n f\u00edsica de los mismos, previniendo accidentes.<\/span><\/p><p class=\"list-group-item-body\"><span style=\"color: #000000;\">Monitorear las adecuaciones f\u00edsicas de las instalaciones mediante contratos de obras y servicios.<\/span><\/p><p class=\"list-group-item-body\"><span style=\"color: #000000;\">Realizar simulaciones de evacuaci\u00f3n de la instalaci\u00f3n en caso de presentarse alguna contingencia.<\/span><\/p><p class=\"list-group-item-body\"><span style=\"color: #000000;\">Reducci\u00f3n de costos de producci\u00f3n por falsas alarmas.<\/span><\/p><p class=\"list-group-item-body\"><span style=\"color: #000000;\">Inducci\u00f3n al personal de nuevo ingreso para el cumplimiento de los procedimientos de trabajo y operaci\u00f3n f\u00edsica de la instalaci\u00f3n, as\u00ed como de sus sistemas de seguridad y emergencia.<\/span><\/p><p class=\"list-group-item-body\"><span style=\"color: #000000;\">Generar proyecciones isom\u00e9tricas de los componentes del modelo (por sistema).<\/span><\/p><p class=\"list-group-item-body\"><span style=\"color: #000000;\">Generar vistas de las diferentes instalaciones y detalles si as\u00ed se requieren.<\/span><\/p><p class=\"list-group-item-body\"><span style=\"color: #000000;\">Generar listados de materiales de cada sistema en especifico.<\/span><\/p><p class=\"list-group-item-body\"><span style=\"color: #000000;\">Verificar colisiones con otros sistemas y componentes.<\/span><\/p><p class=\"list-group-item-body\"><span style=\"color: #000000;\">Realizar recorridos virtuales en las instalaciones.<\/span><\/p><p class=\"list-group-item-body\"><span style=\"color: #000000;\">Realizar recorridos virtuales en las instalaciones.<\/span><\/p>\t\t\t\t\t\t\t\t<\/div>\n\t\t\t\t<\/div>\n\t\t\t\t\t<\/div>\n\t\t<\/div>\n\t\t\t\t<div class=\"elementor-column elementor-col-33 elementor-top-column elementor-element elementor-element-4981631\" data-id=\"4981631\" data-element_type=\"column\">\n\t\t\t<div class=\"elementor-widget-wrap elementor-element-populated\">\n\t\t\t\t\t\t<div class=\"elementor-element elementor-element-da6707d elementor-widget elementor-widget-text-editor\" data-id=\"da6707d\" data-element_type=\"widget\" data-widget_type=\"text-editor.default\">\n\t\t\t\t<div class=\"elementor-widget-container\">\n\t\t\t\t\t\t\t\t\t<p><img decoding=\"async\" class=\"alignnone wp-image-353 size-full\" src=\"https:\/\/majaconsultinggroup.com\/wp-content\/uploads\/2023\/03\/tridimensionales_01.jpg\" alt=\"\" width=\"786\" height=\"1633\" srcset=\"https:\/\/majaconsultinggroup.com\/wp-content\/uploads\/2023\/03\/tridimensionales_01.jpg 786w, https:\/\/majaconsultinggroup.com\/wp-content\/uploads\/2023\/03\/tridimensionales_01-144x300.jpg 144w, https:\/\/majaconsultinggroup.com\/wp-content\/uploads\/2023\/03\/tridimensionales_01-493x1024.jpg 493w, https:\/\/majaconsultinggroup.com\/wp-content\/uploads\/2023\/03\/tridimensionales_01-768x1596.jpg 768w, https:\/\/majaconsultinggroup.com\/wp-content\/uploads\/2023\/03\/tridimensionales_01-739x1536.jpg 739w\" sizes=\"(max-width: 786px) 100vw, 786px\" \/><\/p>\t\t\t\t\t\t\t\t<\/div>\n\t\t\t\t<\/div>\n\t\t\t\t\t<\/div>\n\t\t<\/div>\n\t\t\t\t\t<\/div>\n\t\t<\/section>\n\t\t\t\t<section class=\"elementor-section elementor-top-section elementor-element elementor-element-18c8946 elementor-section-full_width elementor-section-height-default elementor-section-height-default\" data-id=\"18c8946\" data-element_type=\"section\">\n\t\t\t\t\t\t<div class=\"elementor-container elementor-column-gap-default\">\n\t\t\t\t\t<div class=\"elementor-column elementor-col-100 elementor-top-column elementor-element elementor-element-ef11914\" data-id=\"ef11914\" data-element_type=\"column\">\n\t\t\t<div class=\"elementor-widget-wrap elementor-element-populated\">\n\t\t\t\t\t\t<section class=\"elementor-section elementor-inner-section elementor-element elementor-element-80bddd2 elementor-section-full_width elementor-section-height-default elementor-section-height-default\" data-id=\"80bddd2\" data-element_type=\"section\">\n\t\t\t\t\t\t<div class=\"elementor-container elementor-column-gap-default\">\n\t\t\t\t\t<div class=\"elementor-column elementor-col-50 elementor-inner-column elementor-element elementor-element-00d3fb0\" data-id=\"00d3fb0\" data-element_type=\"column\">\n\t\t\t<div class=\"elementor-widget-wrap elementor-element-populated\">\n\t\t\t\t\t\t<div class=\"elementor-element elementor-element-28c340b elementor-widget elementor-widget-image\" data-id=\"28c340b\" data-element_type=\"widget\" data-widget_type=\"image.default\">\n\t\t\t\t<div class=\"elementor-widget-container\">\n\t\t\t\t\t\t\t\t\t\t\t\t\t\t\t<img loading=\"lazy\" decoding=\"async\" width=\"1920\" height=\"1080\" src=\"https:\/\/majaconsultinggroup.com\/wp-content\/uploads\/2023\/03\/Imagen2.png\" class=\"attachment-full size-full wp-image-349\" alt=\"\" srcset=\"https:\/\/majaconsultinggroup.com\/wp-content\/uploads\/2023\/03\/Imagen2.png 1920w, https:\/\/majaconsultinggroup.com\/wp-content\/uploads\/2023\/03\/Imagen2-300x169.png 300w, https:\/\/majaconsultinggroup.com\/wp-content\/uploads\/2023\/03\/Imagen2-1024x576.png 1024w, https:\/\/majaconsultinggroup.com\/wp-content\/uploads\/2023\/03\/Imagen2-768x432.png 768w, https:\/\/majaconsultinggroup.com\/wp-content\/uploads\/2023\/03\/Imagen2-1536x864.png 1536w\" sizes=\"(max-width: 1920px) 100vw, 1920px\" \/>\t\t\t\t\t\t\t\t\t\t\t\t\t\t\t<\/div>\n\t\t\t\t<\/div>\n\t\t\t\t\t<\/div>\n\t\t<\/div>\n\t\t\t\t<div class=\"elementor-column elementor-col-50 elementor-inner-column elementor-element elementor-element-2ee8ef9\" data-id=\"2ee8ef9\" data-element_type=\"column\">\n\t\t\t<div class=\"elementor-widget-wrap elementor-element-populated\">\n\t\t\t\t\t\t<div class=\"elementor-element elementor-element-7aa69d1 elementor-widget elementor-widget-image\" data-id=\"7aa69d1\" data-element_type=\"widget\" data-widget_type=\"image.default\">\n\t\t\t\t<div class=\"elementor-widget-container\">\n\t\t\t\t\t\t\t\t\t\t\t\t\t\t\t<img loading=\"lazy\" decoding=\"async\" width=\"870\" height=\"512\" src=\"https:\/\/majaconsultinggroup.com\/wp-content\/uploads\/2023\/03\/tridimensionales_10.jpg\" class=\"attachment-full size-full wp-image-350\" alt=\"\" srcset=\"https:\/\/majaconsultinggroup.com\/wp-content\/uploads\/2023\/03\/tridimensionales_10.jpg 870w, https:\/\/majaconsultinggroup.com\/wp-content\/uploads\/2023\/03\/tridimensionales_10-300x177.jpg 300w, https:\/\/majaconsultinggroup.com\/wp-content\/uploads\/2023\/03\/tridimensionales_10-768x452.jpg 768w\" sizes=\"(max-width: 870px) 100vw, 870px\" \/>\t\t\t\t\t\t\t\t\t\t\t\t\t\t\t<\/div>\n\t\t\t\t<\/div>\n\t\t\t\t\t<\/div>\n\t\t<\/div>\n\t\t\t\t\t<\/div>\n\t\t<\/section>\n\t\t\t\t\t<\/div>\n\t\t<\/div>\n\t\t\t\t\t<\/div>\n\t\t<\/section>\n\t\t\t\t<\/div>\n\t\t","protected":false},"excerpt":{"rendered":"<p>MODELOS ELECTR\u00d3NICOS TRIDIMENSIONALES INTELIGENTES https:\/\/majaconsultinggroup.com\/wp-content\/uploads\/2023\/03\/y2mate.com-CONSTRUCCION-Y-REMODELACION-DE-ESTACION-DE-COMPRESION-DE-GAS-CEMPOALA-VERACRUZ_1080pFHR_1.mp4 Es la representaci\u00f3n gr\u00e1fica a escala 1:1 realizada en tres dimensiones, mediante un sistema CADD\/CAE y conformada por un conjunto de elementos con atributos asociados a una base de datos relacional. Ventajas de un Modelo Electronico Tridimensional Inteligente Optimizar el control de la programaci\u00f3n y ejecuci\u00f3n del mantenimiento de los &#8230; <a title=\"Modelos Electr\u00f3nicos Tridimensionales Inteligentes (METI)\" class=\"read-more\" href=\"https:\/\/majaconsultinggroup.com\/index.php\/modelos-electronicos-tridimensionales-inteligentes\/\" aria-label=\"Leer m\u00e1s sobre Modelos Electr\u00f3nicos Tridimensionales Inteligentes (METI)\">Leer m\u00e1s<\/a><\/p>\n","protected":false},"author":1,"featured_media":0,"parent":0,"menu_order":0,"comment_status":"closed","ping_status":"closed","template":"elementor_header_footer","meta":{"footnotes":""},"class_list":["post-212","page","type-page","status-publish"],"_links":{"self":[{"href":"https:\/\/majaconsultinggroup.com\/index.php\/wp-json\/wp\/v2\/pages\/212","targetHints":{"allow":["GET"]}}],"collection":[{"href":"https:\/\/majaconsultinggroup.com\/index.php\/wp-json\/wp\/v2\/pages"}],"about":[{"href":"https:\/\/majaconsultinggroup.com\/index.php\/wp-json\/wp\/v2\/types\/page"}],"author":[{"embeddable":true,"href":"https:\/\/majaconsultinggroup.com\/index.php\/wp-json\/wp\/v2\/users\/1"}],"replies":[{"embeddable":true,"href":"https:\/\/majaconsultinggroup.com\/index.php\/wp-json\/wp\/v2\/comments?post=212"}],"version-history":[{"count":6,"href":"https:\/\/majaconsultinggroup.com\/index.php\/wp-json\/wp\/v2\/pages\/212\/revisions"}],"predecessor-version":[{"id":579,"href":"https:\/\/majaconsultinggroup.com\/index.php\/wp-json\/wp\/v2\/pages\/212\/revisions\/579"}],"wp:attachment":[{"href":"https:\/\/majaconsultinggroup.com\/index.php\/wp-json\/wp\/v2\/media?parent=212"}],"curies":[{"name":"wp","href":"https:\/\/api.w.org\/{rel}","templated":true}]}}