{"id":214,"date":"2023-02-14T22:00:25","date_gmt":"2023-02-14T22:00:25","guid":{"rendered":"https:\/\/majaconsultinggroup.com\/?page_id=214"},"modified":"2023-02-15T15:57:11","modified_gmt":"2023-02-15T15:57:11","slug":"diseno-y-gestion-de-alarmas-criticas","status":"publish","type":"page","link":"https:\/\/majaconsultinggroup.com\/index.php\/diseno-y-gestion-de-alarmas-criticas\/","title":{"rendered":"Dise\u00f1o y gesti\u00f3n de alarmas cr\u00edticas"},"content":{"rendered":"\t\t<div data-elementor-type=\"wp-page\" data-elementor-id=\"214\" class=\"elementor elementor-214\">\n\t\t\t\t\t\t<section class=\"elementor-section elementor-top-section elementor-element elementor-element-46c94ce elementor-section-full_width elementor-section-height-default elementor-section-height-default\" data-id=\"46c94ce\" data-element_type=\"section\">\n\t\t\t\t\t\t<div class=\"elementor-container elementor-column-gap-default\">\n\t\t\t\t\t<div class=\"elementor-column elementor-col-100 elementor-top-column elementor-element elementor-element-15b688b\" data-id=\"15b688b\" data-element_type=\"column\">\n\t\t\t<div class=\"elementor-widget-wrap elementor-element-populated\">\n\t\t\t\t\t\t<div class=\"elementor-element elementor-element-f876bf5 elementor-widget elementor-widget-text-editor\" data-id=\"f876bf5\" data-element_type=\"widget\" data-widget_type=\"text-editor.default\">\n\t\t\t\t<div class=\"elementor-widget-container\">\n\t\t\t\t\t\t\t\t\t<h1>\u00a0<\/h1><h1>\u00a0<\/h1><h1>\u00a0<\/h1><h1 style=\"text-align: center;\"><span style=\"color: #ffffff;\">DISE\u00d1O Y GESTI\u00d3N DE ALARMAS CR\u00cdTICAS<\/span><\/h1><p>\u00a0<\/p><p>\u00a0<\/p><p>\u00a0<\/p>\t\t\t\t\t\t\t\t<\/div>\n\t\t\t\t<\/div>\n\t\t\t\t\t<\/div>\n\t\t<\/div>\n\t\t\t\t\t<\/div>\n\t\t<\/section>\n\t\t\t\t<section class=\"elementor-section elementor-top-section elementor-element elementor-element-1981128 elementor-section-full_width elementor-section-height-default elementor-section-height-default\" data-id=\"1981128\" data-element_type=\"section\">\n\t\t\t\t\t\t<div class=\"elementor-container elementor-column-gap-default\">\n\t\t\t\t\t<div class=\"elementor-column elementor-col-100 elementor-top-column elementor-element elementor-element-3a9e26d\" data-id=\"3a9e26d\" data-element_type=\"column\">\n\t\t\t<div class=\"elementor-widget-wrap elementor-element-populated\">\n\t\t\t\t\t\t<div class=\"elementor-element elementor-element-3774e9e elementor-widget__width-inherit elementor-widget elementor-widget-text-editor\" data-id=\"3774e9e\" data-element_type=\"widget\" data-widget_type=\"text-editor.default\">\n\t\t\t\t<div class=\"elementor-widget-container\">\n\t\t\t\t\t\t\t\t\t<h4><span style=\"color: #ffffff;\">MAJA Consulting Group<\/span><\/h4><h4><span style=\"color: #ffffff;\">Desarrolla Sistemas de Alarmas de Proceso y Alarmas Cr\u00edticas con Respuesta del Operador, en plantas nuevas y en existentes. Las soluciones que ofrecemos permiten obtener los siguientes beneficios:<\/span><\/h4>\t\t\t\t\t\t\t\t<\/div>\n\t\t\t\t<\/div>\n\t\t\t\t\t<\/div>\n\t\t<\/div>\n\t\t\t\t\t<\/div>\n\t\t<\/section>\n\t\t\t\t<section class=\"elementor-section elementor-top-section elementor-element elementor-element-1ff552b elementor-section-full_width elementor-section-height-default elementor-section-height-default\" data-id=\"1ff552b\" data-element_type=\"section\">\n\t\t\t\t\t\t<div class=\"elementor-container elementor-column-gap-default\">\n\t\t\t\t\t<div class=\"elementor-column elementor-col-50 elementor-top-column elementor-element elementor-element-119404e\" data-id=\"119404e\" data-element_type=\"column\">\n\t\t\t<div class=\"elementor-widget-wrap elementor-element-populated\">\n\t\t\t\t\t\t<div class=\"elementor-element elementor-element-57e4808 elementor-widget elementor-widget-video\" data-id=\"57e4808\" data-element_type=\"widget\" data-settings=\"{&quot;video_type&quot;:&quot;hosted&quot;,&quot;autoplay&quot;:&quot;yes&quot;,&quot;play_on_mobile&quot;:&quot;yes&quot;,&quot;mute&quot;:&quot;yes&quot;,&quot;loop&quot;:&quot;yes&quot;}\" data-widget_type=\"video.default\">\n\t\t\t\t<div class=\"elementor-widget-container\">\n\t\t\t\t\t\t\t<div class=\"e-hosted-video elementor-wrapper elementor-open-inline\">\n\t\t\t\t\t<video class=\"elementor-video\" src=\"https:\/\/majaconsultinggroup.com\/wp-content\/uploads\/2023\/02\/Sistemas-Contra-Incendios_1.mp4\" autoplay=\"\" loop=\"\" muted=\"muted\" playsinline=\"\" controlsList=\"nodownload\"><\/video>\n\t\t\t\t<\/div>\n\t\t\t\t\t\t<\/div>\n\t\t\t\t<\/div>\n\t\t\t\t\t<\/div>\n\t\t<\/div>\n\t\t\t\t<div class=\"elementor-column elementor-col-50 elementor-top-column elementor-element elementor-element-31784b8\" data-id=\"31784b8\" data-element_type=\"column\">\n\t\t\t<div class=\"elementor-widget-wrap elementor-element-populated\">\n\t\t\t\t\t\t<div class=\"elementor-element elementor-element-1b785ed elementor-widget elementor-widget-text-editor\" data-id=\"1b785ed\" data-element_type=\"widget\" data-widget_type=\"text-editor.default\">\n\t\t\t\t<div class=\"elementor-widget-container\">\n\t\t\t\t\t\t\t\t\t<p class=\"list-group-item-body\"><span style=\"color: #000000;\">Representaci\u00f3n en Pantallas HMI y\/o Paneles de Alarma, de forma clara y \u00fatil al Operador, de los eventos que pueden llegar a ser peligrosos, de acuerdo a est\u00e1ndares nacionales e internacionales, permitiendo contar con un Sistema de Seguridad Confiable y Disponible.<\/span><\/p><p class=\"list-group-item-body\"><span style=\"color: #000000;\">Priorizaci\u00f3n de las Alarmas, mediante software especializado y aplicaci\u00f3n de metodolog\u00edas propias de MAJA.<\/span><\/p><p class=\"list-group-item-body\"><span style=\"color: #000000;\">Verificaci\u00f3n mediante LOPA, de las Alarmas Cr\u00edticas con Respuesta del Operador, a ser administradas de manera separada de las Alarmas de Proceso.<\/span><\/p><p class=\"list-group-item-body\"><span style=\"color: #000000;\">Verificaci\u00f3n mediante an\u00e1lisis de confiabilidad, de cada Lazo de Alarma Cr\u00edtica.<\/span><\/p><p class=\"list-group-item-body\"><span style=\"color: #000000;\">Reducci\u00f3n de costos de producci\u00f3n por falsas alarmas.<\/span><\/p><p class=\"list-group-item-body\"><span style=\"color: #000000;\">Aumento de la credibilidad del sistema hacia el Operador.<\/span><\/p>\t\t\t\t\t\t\t\t<\/div>\n\t\t\t\t<\/div>\n\t\t\t\t\t<\/div>\n\t\t<\/div>\n\t\t\t\t\t<\/div>\n\t\t<\/section>\n\t\t\t\t<\/div>\n\t\t","protected":false},"excerpt":{"rendered":"<p>&nbsp; &nbsp; &nbsp; DISE\u00d1O Y GESTI\u00d3N DE ALARMAS CR\u00cdTICAS MAJA Consulting Group Desarrolla Sistemas de Alarmas de Proceso y Alarmas Cr\u00edticas con Respuesta del Operador, en plantas nuevas y en existentes. Las soluciones que ofrecemos permiten obtener los siguientes beneficios: https:\/\/majaconsultinggroup.com\/wp-content\/uploads\/2023\/02\/Sistemas-Contra-Incendios_1.mp4 Representaci\u00f3n en Pantallas HMI y\/o Paneles de Alarma, de forma clara y \u00fatil al &#8230; <a title=\"Dise\u00f1o y gesti\u00f3n de alarmas cr\u00edticas\" class=\"read-more\" href=\"https:\/\/majaconsultinggroup.com\/index.php\/diseno-y-gestion-de-alarmas-criticas\/\" aria-label=\"Leer m\u00e1s sobre Dise\u00f1o y gesti\u00f3n de alarmas cr\u00edticas\">Leer m\u00e1s<\/a><\/p>\n","protected":false},"author":1,"featured_media":0,"parent":0,"menu_order":0,"comment_status":"closed","ping_status":"closed","template":"elementor_header_footer","meta":{"footnotes":""},"class_list":["post-214","page","type-page","status-publish"],"_links":{"self":[{"href":"https:\/\/majaconsultinggroup.com\/index.php\/wp-json\/wp\/v2\/pages\/214","targetHints":{"allow":["GET"]}}],"collection":[{"href":"https:\/\/majaconsultinggroup.com\/index.php\/wp-json\/wp\/v2\/pages"}],"about":[{"href":"https:\/\/majaconsultinggroup.com\/index.php\/wp-json\/wp\/v2\/types\/page"}],"author":[{"embeddable":true,"href":"https:\/\/majaconsultinggroup.com\/index.php\/wp-json\/wp\/v2\/users\/1"}],"replies":[{"embeddable":true,"href":"https:\/\/majaconsultinggroup.com\/index.php\/wp-json\/wp\/v2\/comments?post=214"}],"version-history":[{"count":5,"href":"https:\/\/majaconsultinggroup.com\/index.php\/wp-json\/wp\/v2\/pages\/214\/revisions"}],"predecessor-version":[{"id":266,"href":"https:\/\/majaconsultinggroup.com\/index.php\/wp-json\/wp\/v2\/pages\/214\/revisions\/266"}],"wp:attachment":[{"href":"https:\/\/majaconsultinggroup.com\/index.php\/wp-json\/wp\/v2\/media?parent=214"}],"curies":[{"name":"wp","href":"https:\/\/api.w.org\/{rel}","templated":true}]}}