{"id":231,"date":"2023-02-14T23:01:55","date_gmt":"2023-02-14T23:01:55","guid":{"rendered":"https:\/\/majaconsultinggroup.com\/?page_id=231"},"modified":"2023-03-29T22:17:30","modified_gmt":"2023-03-29T22:17:30","slug":"cursos","status":"publish","type":"page","link":"https:\/\/majaconsultinggroup.com\/index.php\/cursos\/","title":{"rendered":"Cursos"},"content":{"rendered":"\t\t<div data-elementor-type=\"wp-page\" data-elementor-id=\"231\" class=\"elementor elementor-231\">\n\t\t\t\t\t\t<section class=\"elementor-section elementor-top-section elementor-element elementor-element-22db571 elementor-section-full_width elementor-section-height-default elementor-section-height-default\" data-id=\"22db571\" data-element_type=\"section\">\n\t\t\t\t\t\t<div class=\"elementor-container elementor-column-gap-default\">\n\t\t\t\t\t<div class=\"elementor-column elementor-col-100 elementor-top-column elementor-element elementor-element-7dd188f\" data-id=\"7dd188f\" data-element_type=\"column\">\n\t\t\t<div class=\"elementor-widget-wrap elementor-element-populated\">\n\t\t\t\t\t\t<div class=\"elementor-element elementor-element-3b57354 elementor-widget__width-inherit elementor-widget elementor-widget-text-editor\" data-id=\"3b57354\" data-element_type=\"widget\" data-widget_type=\"text-editor.default\">\n\t\t\t\t<div class=\"elementor-widget-container\">\n\t\t\t\t\t\t\t\t\t<p>\u00a0<\/p><h1>\u00a0<\/h1><h1 style=\"text-align: center;\"><span style=\"color: #000080;\">CURSOS<\/span><\/h1><p>\u00a0<\/p><p>\u00a0<\/p><p>\u00a0<\/p><p>\u00a0<\/p><p>\u00a0<\/p>\t\t\t\t\t\t\t\t<\/div>\n\t\t\t\t<\/div>\n\t\t\t\t\t<\/div>\n\t\t<\/div>\n\t\t\t\t\t<\/div>\n\t\t<\/section>\n\t\t\t\t<section class=\"elementor-section elementor-top-section elementor-element elementor-element-211d3a4 elementor-section-full_width elementor-section-height-default elementor-section-height-default\" data-id=\"211d3a4\" data-element_type=\"section\">\n\t\t\t\t\t\t<div class=\"elementor-container elementor-column-gap-default\">\n\t\t\t\t\t<div class=\"elementor-column elementor-col-100 elementor-top-column elementor-element elementor-element-0ce074a\" data-id=\"0ce074a\" data-element_type=\"column\">\n\t\t\t<div class=\"elementor-widget-wrap elementor-element-populated\">\n\t\t\t\t\t\t<div class=\"elementor-element elementor-element-b5641c0 elementor-widget elementor-widget-text-editor\" data-id=\"b5641c0\" data-element_type=\"widget\" data-widget_type=\"text-editor.default\">\n\t\t\t\t<div class=\"elementor-widget-container\">\n\t\t\t\t\t\t\t\t\t<h4>\u00a0<\/h4><h4 style=\"padding-left: 40px;\"><span style=\"color: #ffffff;\">Contamos con m\u00e1s de 10 a\u00f1os en la impartici\u00f3n exitosa de cursos de entrenamiento y capacitaci\u00f3n. Nuestros capacitadores cuentan con el grado, experiencia y certificaciones necesarias para impartir estos cursos.<\/span><\/h4><p>\u00a0<\/p>\t\t\t\t\t\t\t\t<\/div>\n\t\t\t\t<\/div>\n\t\t\t\t\t<\/div>\n\t\t<\/div>\n\t\t\t\t\t<\/div>\n\t\t<\/section>\n\t\t\t\t<section class=\"elementor-section elementor-top-section elementor-element elementor-element-6abec9c elementor-section-full_width elementor-section-height-default elementor-section-height-default\" data-id=\"6abec9c\" data-element_type=\"section\">\n\t\t\t\t\t\t<div class=\"elementor-container elementor-column-gap-default\">\n\t\t\t\t\t<div class=\"elementor-column elementor-col-33 elementor-top-column elementor-element elementor-element-eac2be0\" data-id=\"eac2be0\" data-element_type=\"column\">\n\t\t\t<div class=\"elementor-widget-wrap\">\n\t\t\t\t\t\t\t<\/div>\n\t\t<\/div>\n\t\t\t\t<div class=\"elementor-column elementor-col-33 elementor-top-column elementor-element elementor-element-fadd24a\" data-id=\"fadd24a\" data-element_type=\"column\">\n\t\t\t<div class=\"elementor-widget-wrap elementor-element-populated\">\n\t\t\t\t\t\t<div class=\"elementor-element elementor-element-9e4dc85 elementor-widget elementor-widget-text-editor\" data-id=\"9e4dc85\" data-element_type=\"widget\" data-widget_type=\"text-editor.default\">\n\t\t\t\t<div class=\"elementor-widget-container\">\n\t\t\t\t\t\t\t\t\t<p><span style=\"color: #000000;\">Nuestros Cursos<\/span><\/p><ul class=\"list-group\"><li class=\"list-group-item\"><h4 class=\"list-group-item-heading\"><span style=\"color: #000000;\">Introducci\u00f3n a la seguridad funcional.<\/span><\/h4><\/li><li class=\"list-group-item\"><h4 class=\"list-group-item-heading\"><span style=\"color: #000000;\">An\u00e1lisis de riesgo con la t\u00e9cnica HazOp (Hazard and Operability), HazId.<\/span><\/h4><\/li><li class=\"list-group-item\"><h4 class=\"list-group-item-heading\"><span style=\"color: #000000;\">Investigaci\u00f3n de accidentes con la t\u00e9cnica \u00abArbol de Fallas\u00bb.<\/span><\/h4><\/li><li class=\"list-group-item\"><h4 class=\"list-group-item-heading\"><span style=\"color: #000000;\">An\u00e1lisis de Riesgos con la t\u00e9cnica What if? (\u00bfQu\u00e9 pasa si?).<\/span><\/h4><\/li><li class=\"list-group-item\"><h4 class=\"list-group-item-heading\"><span style=\"color: #000000;\">An\u00e1lisis LOPA (Layer of Protection Analysis).<\/span><\/h4><\/li><li class=\"list-group-item\"><h4 class=\"list-group-item-heading\"><span style=\"color: #000000;\">An\u00e1lisis de riesgos para dar cumplimiento a requerimientos de Petr\u00f3leos Mexicanos.<\/span><\/h4><\/li><li class=\"list-group-item\"><h4 class=\"list-group-item-heading\"><span style=\"color: #000000;\">An\u00e1lisis de consecuencias.<\/span><\/h4><\/li><li class=\"list-group-item\"><h4 class=\"list-group-item-heading\"><span style=\"color: #000000;\">Elaboraci\u00f3n de estudios de riesgo de acuerdo a Semarnat.<\/span><\/h4><\/li><li class=\"list-group-item\"><h4 class=\"list-group-item-heading\"><span style=\"color: #000000;\">Gesti\u00f3n Ambiental.<\/span><\/h4><\/li><li class=\"list-group-item\"><h4 class=\"list-group-item-heading\"><span style=\"color: #000000;\">Gesti\u00f3n de Alarmas Cr\u00edticas.<\/span><\/h4><\/li><\/ul>\t\t\t\t\t\t\t\t<\/div>\n\t\t\t\t<\/div>\n\t\t\t\t\t<\/div>\n\t\t<\/div>\n\t\t\t\t<div class=\"elementor-column elementor-col-33 elementor-top-column elementor-element elementor-element-f035431\" data-id=\"f035431\" data-element_type=\"column\">\n\t\t\t<div class=\"elementor-widget-wrap elementor-element-populated\">\n\t\t\t\t\t\t<div class=\"elementor-element elementor-element-fcc6b8f elementor-widget elementor-widget-image\" data-id=\"fcc6b8f\" data-element_type=\"widget\" data-widget_type=\"image.default\">\n\t\t\t\t<div class=\"elementor-widget-container\">\n\t\t\t\t\t\t\t\t\t\t\t\t\t\t\t<img fetchpriority=\"high\" decoding=\"async\" width=\"800\" height=\"600\" src=\"https:\/\/majaconsultinggroup.com\/wp-content\/uploads\/2023\/02\/capacitacion_01.jpg\" class=\"attachment-large size-large wp-image-240\" alt=\"\" srcset=\"https:\/\/majaconsultinggroup.com\/wp-content\/uploads\/2023\/02\/capacitacion_01.jpg 800w, https:\/\/majaconsultinggroup.com\/wp-content\/uploads\/2023\/02\/capacitacion_01-300x225.jpg 300w, https:\/\/majaconsultinggroup.com\/wp-content\/uploads\/2023\/02\/capacitacion_01-768x576.jpg 768w\" sizes=\"(max-width: 800px) 100vw, 800px\" \/>\t\t\t\t\t\t\t\t\t\t\t\t\t\t\t<\/div>\n\t\t\t\t<\/div>\n\t\t\t\t\t<\/div>\n\t\t<\/div>\n\t\t\t\t\t<\/div>\n\t\t<\/section>\n\t\t\t\t<section class=\"elementor-section elementor-top-section elementor-element elementor-element-37b62c1 elementor-section-boxed elementor-section-height-default elementor-section-height-default\" data-id=\"37b62c1\" data-element_type=\"section\">\n\t\t\t\t\t\t<div class=\"elementor-container elementor-column-gap-default\">\n\t\t\t\t\t<div class=\"elementor-column elementor-col-100 elementor-top-column elementor-element elementor-element-3cfc456\" data-id=\"3cfc456\" data-element_type=\"column\">\n\t\t\t<div class=\"elementor-widget-wrap elementor-element-populated\">\n\t\t\t\t\t\t<div class=\"elementor-element elementor-element-aeea236 elementor-button-align-stretch elementor-widget elementor-widget-form\" data-id=\"aeea236\" data-element_type=\"widget\" data-settings=\"{&quot;step_next_label&quot;:&quot;Siguiente&quot;,&quot;step_previous_label&quot;:&quot;Anterior&quot;,&quot;button_width&quot;:&quot;100&quot;,&quot;step_type&quot;:&quot;number_text&quot;,&quot;step_icon_shape&quot;:&quot;circle&quot;}\" data-widget_type=\"form.default\">\n\t\t\t\t<div class=\"elementor-widget-container\">\n\t\t\t\t\t\t\t<form class=\"elementor-form\" method=\"post\" name=\"Nuevo formulario\">\n\t\t\t<input type=\"hidden\" name=\"post_id\" value=\"231\"\/>\n\t\t\t<input type=\"hidden\" name=\"form_id\" value=\"aeea236\"\/>\n\t\t\t<input type=\"hidden\" name=\"referer_title\" value=\"\" \/>\n\n\t\t\t\n\t\t\t<div class=\"elementor-form-fields-wrapper elementor-labels-above\">\n\t\t\t\t\t\t\t\t<div class=\"elementor-field-type-text elementor-field-group elementor-column elementor-field-group-name elementor-col-100\">\n\t\t\t\t\t\t\t\t\t\t\t\t<label for=\"form-field-name\" class=\"elementor-field-label\">\n\t\t\t\t\t\t\t\tNombre\t\t\t\t\t\t\t<\/label>\n\t\t\t\t\t\t\t\t\t\t\t\t\t\t<input size=\"1\" type=\"text\" name=\"form_fields[name]\" id=\"form-field-name\" class=\"elementor-field elementor-size-sm  elementor-field-textual\" placeholder=\"Nombre\">\n\t\t\t\t\t\t\t\t\t\t\t<\/div>\n\t\t\t\t\t\t\t\t<div class=\"elementor-field-type-email elementor-field-group elementor-column elementor-field-group-email elementor-col-100 elementor-field-required\">\n\t\t\t\t\t\t\t\t\t\t\t\t<label for=\"form-field-email\" class=\"elementor-field-label\">\n\t\t\t\t\t\t\t\tCorreo electr\u00f3nico\t\t\t\t\t\t\t<\/label>\n\t\t\t\t\t\t\t\t\t\t\t\t\t\t<input size=\"1\" type=\"email\" name=\"form_fields[email]\" id=\"form-field-email\" class=\"elementor-field elementor-size-sm  elementor-field-textual\" placeholder=\"Correo electr\u00f3nico\" required=\"required\" aria-required=\"true\">\n\t\t\t\t\t\t\t\t\t\t\t<\/div>\n\t\t\t\t\t\t\t\t<div class=\"elementor-field-type-textarea elementor-field-group elementor-column elementor-field-group-message elementor-col-100\">\n\t\t\t\t\t\t\t\t\t\t\t\t<label for=\"form-field-message\" class=\"elementor-field-label\">\n\t\t\t\t\t\t\t\tCurso de inter\u00e9s\t\t\t\t\t\t\t<\/label>\n\t\t\t\t\t\t<textarea class=\"elementor-field-textual elementor-field  elementor-size-sm\" name=\"form_fields[message]\" id=\"form-field-message\" rows=\"4\" placeholder=\"Mensaje\"><\/textarea>\t\t\t\t<\/div>\n\t\t\t\t\t\t\t\t<div class=\"elementor-field-group elementor-column elementor-field-type-submit elementor-col-100 e-form__buttons\">\n\t\t\t\t\t<button type=\"submit\" class=\"elementor-button elementor-size-sm\">\n\t\t\t\t\t\t<span >\n\t\t\t\t\t\t\t\t\t\t\t\t\t\t\t<span class=\" elementor-button-icon\">\n\t\t\t\t\t\t\t\t\t\t\t\t\t\t\t\t\t\t\t\t\t\t\t\t\t\t<\/span>\n\t\t\t\t\t\t\t\t\t\t\t\t\t\t\t\t\t\t\t\t\t\t<span class=\"elementor-button-text\">Enviar<\/span>\n\t\t\t\t\t\t\t\t\t\t\t\t\t<\/span>\n\t\t\t\t\t<\/button>\n\t\t\t\t<\/div>\n\t\t\t<\/div>\n\t\t<\/form>\n\t\t\t\t\t\t<\/div>\n\t\t\t\t<\/div>\n\t\t\t\t\t<\/div>\n\t\t<\/div>\n\t\t\t\t\t<\/div>\n\t\t<\/section>\n\t\t\t\t<\/div>\n\t\t","protected":false},"excerpt":{"rendered":"<p>\u00a0 \u00a0 CURSOS \u00a0 \u00a0 \u00a0 \u00a0 \u00a0 \u00a0 Contamos con m\u00e1s de 10 a\u00f1os en la impartici\u00f3n exitosa de cursos de entrenamiento y capacitaci\u00f3n. Nuestros capacitadores cuentan con el grado, experiencia y certificaciones necesarias para impartir estos cursos. \u00a0 Nuestros Cursos Introducci\u00f3n a la seguridad funcional. An\u00e1lisis de riesgo con la t\u00e9cnica HazOp (Hazard &#8230; <a title=\"Cursos\" class=\"read-more\" href=\"https:\/\/majaconsultinggroup.com\/index.php\/cursos\/\" aria-label=\"Leer m\u00e1s sobre Cursos\">Leer m\u00e1s<\/a><\/p>\n","protected":false},"author":1,"featured_media":0,"parent":0,"menu_order":0,"comment_status":"closed","ping_status":"closed","template":"elementor_header_footer","meta":{"footnotes":""},"class_list":["post-231","page","type-page","status-publish"],"_links":{"self":[{"href":"https:\/\/majaconsultinggroup.com\/index.php\/wp-json\/wp\/v2\/pages\/231","targetHints":{"allow":["GET"]}}],"collection":[{"href":"https:\/\/majaconsultinggroup.com\/index.php\/wp-json\/wp\/v2\/pages"}],"about":[{"href":"https:\/\/majaconsultinggroup.com\/index.php\/wp-json\/wp\/v2\/types\/page"}],"author":[{"embeddable":true,"href":"https:\/\/majaconsultinggroup.com\/index.php\/wp-json\/wp\/v2\/users\/1"}],"replies":[{"embeddable":true,"href":"https:\/\/majaconsultinggroup.com\/index.php\/wp-json\/wp\/v2\/comments?post=231"}],"version-history":[{"count":15,"href":"https:\/\/majaconsultinggroup.com\/index.php\/wp-json\/wp\/v2\/pages\/231\/revisions"}],"predecessor-version":[{"id":422,"href":"https:\/\/majaconsultinggroup.com\/index.php\/wp-json\/wp\/v2\/pages\/231\/revisions\/422"}],"wp:attachment":[{"href":"https:\/\/majaconsultinggroup.com\/index.php\/wp-json\/wp\/v2\/media?parent=231"}],"curies":[{"name":"wp","href":"https:\/\/api.w.org\/{rel}","templated":true}]}}