{"id":623,"date":"2025-03-08T12:13:07","date_gmt":"2025-03-08T12:13:07","guid":{"rendered":"https:\/\/majaconsultinggroup.com\/?page_id=623"},"modified":"2025-03-08T13:57:56","modified_gmt":"2025-03-08T13:57:56","slug":"construccion","status":"publish","type":"page","link":"https:\/\/majaconsultinggroup.com\/index.php\/construccion\/","title":{"rendered":"Construcci\u00f3n"},"content":{"rendered":"\t\t<div data-elementor-type=\"wp-page\" data-elementor-id=\"623\" class=\"elementor elementor-623\">\n\t\t\t\t\t\t<section class=\"elementor-section elementor-top-section elementor-element elementor-element-5e73679 elementor-section-boxed elementor-section-height-default elementor-section-height-default\" data-id=\"5e73679\" data-element_type=\"section\">\n\t\t\t\t\t\t<div class=\"elementor-container elementor-column-gap-default\">\n\t\t\t\t\t<div class=\"elementor-column elementor-col-100 elementor-top-column elementor-element elementor-element-a7732d5\" data-id=\"a7732d5\" data-element_type=\"column\">\n\t\t\t<div class=\"elementor-widget-wrap elementor-element-populated\">\n\t\t\t\t\t\t<div class=\"elementor-element elementor-element-eb947ed elementor-widget elementor-widget-heading\" data-id=\"eb947ed\" data-element_type=\"widget\" data-widget_type=\"heading.default\">\n\t\t\t\t<div class=\"elementor-widget-container\">\n\t\t\t\t\t<h2 class=\"elementor-heading-title elementor-size-default\"><p><b>Nuestras Alianzas Estrat\u00e9gicas<\/b><span><\/span><\/p><\/h2>\t\t\t\t<\/div>\n\t\t\t\t<\/div>\n\t\t\t\t\t<\/div>\n\t\t<\/div>\n\t\t\t\t\t<\/div>\n\t\t<\/section>\n\t\t\t\t<section class=\"elementor-section elementor-top-section elementor-element elementor-element-699baa1 elementor-section-boxed elementor-section-height-default elementor-section-height-default\" data-id=\"699baa1\" data-element_type=\"section\">\n\t\t\t\t\t\t<div class=\"elementor-container elementor-column-gap-default\">\n\t\t\t\t\t<div class=\"elementor-column elementor-col-50 elementor-top-column elementor-element elementor-element-fb0cfdc\" data-id=\"fb0cfdc\" data-element_type=\"column\">\n\t\t\t<div class=\"elementor-widget-wrap elementor-element-populated\">\n\t\t\t\t\t\t<div class=\"elementor-element elementor-element-8b9f268 elementor-widget elementor-widget-text-editor\" data-id=\"8b9f268\" data-element_type=\"widget\" data-widget_type=\"text-editor.default\">\n\t\t\t\t<div class=\"elementor-widget-container\">\n\t\t\t\t\t\t\t\t\t<p class=\"p1\"><span style=\"color: #000000;\"><b>Yumaco Construcciones<\/b><b><\/b><\/span><\/p><p class=\"p3\" style=\"text-align: justify;\"><span style=\"color: #000000;\">Con una trayectoria s\u00f3lida en el sector de la construcci\u00f3n, Yumaco Construcciones se especializa en el desarrollo de proyectos residenciales, comerciales e industriales, destac\u00e1ndose por su compromiso con la calidad, la innovaci\u00f3n y la sostenibilidad. Su enfoque integral abarca desde la planificaci\u00f3n hasta la ejecuci\u00f3n, garantizando resultados \u00f3ptimos que superan las expectativas de sus clientes.<\/span><\/p>\t\t\t\t\t\t\t\t<\/div>\n\t\t\t\t<\/div>\n\t\t\t\t\t<\/div>\n\t\t<\/div>\n\t\t\t\t<div class=\"elementor-column elementor-col-50 elementor-top-column elementor-element elementor-element-4417e11\" data-id=\"4417e11\" data-element_type=\"column\">\n\t\t\t<div class=\"elementor-widget-wrap elementor-element-populated\">\n\t\t\t\t\t\t<div class=\"elementor-element elementor-element-feb96d3 elementor-widget elementor-widget-text-editor\" data-id=\"feb96d3\" data-element_type=\"widget\" data-widget_type=\"text-editor.default\">\n\t\t\t\t<div class=\"elementor-widget-container\">\n\t\t\t\t\t\t\t\t\t<p class=\"p1\"><span style=\"color: #000000;\"><b>Kerak Construcciones S.A. de C.V.<\/b><b><\/b><\/span><\/p><p class=\"p3\" style=\"text-align: justify;\"><span style=\"color: #000000;\">Kerak Construcciones es una empresa reconocida por su experiencia en infraestructura urbana, rehabilitaci\u00f3n de espacios p\u00fablicos y ejecuci\u00f3n de proyectos complejos. A lo largo de los a\u00f1os, ha colaborado con instituciones gubernamentales y empresas privadas, consolid\u00e1ndose como un referente en la construcci\u00f3n de vialidades, edificaciones escolares, sistemas de drenaje, entre otros.<\/span><\/p>\t\t\t\t\t\t\t\t<\/div>\n\t\t\t\t<\/div>\n\t\t\t\t\t<\/div>\n\t\t<\/div>\n\t\t\t\t\t<\/div>\n\t\t<\/section>\n\t\t\t\t<section class=\"elementor-section elementor-top-section elementor-element elementor-element-ddf2c3a elementor-section-boxed elementor-section-height-default elementor-section-height-default\" data-id=\"ddf2c3a\" data-element_type=\"section\">\n\t\t\t\t\t\t<div class=\"elementor-container elementor-column-gap-default\">\n\t\t\t\t\t<div class=\"elementor-column elementor-col-100 elementor-top-column elementor-element elementor-element-51b6e9f\" data-id=\"51b6e9f\" data-element_type=\"column\">\n\t\t\t<div class=\"elementor-widget-wrap elementor-element-populated\">\n\t\t\t\t\t\t<div class=\"elementor-element elementor-element-d5e9126 elementor-widget elementor-widget-image-gallery\" data-id=\"d5e9126\" data-element_type=\"widget\" data-widget_type=\"image-gallery.default\">\n\t\t\t\t<div class=\"elementor-widget-container\">\n\t\t\t\t\t\t\t<div class=\"elementor-image-gallery\">\n\t\t\t<div id='gallery-1' class='gallery galleryid-623 gallery-columns-3 gallery-size-1536x1536'><figure class='gallery-item'>\n\t\t\t<div class='gallery-icon landscape'>\n\t\t\t\t<a data-elementor-open-lightbox=\"yes\" data-elementor-lightbox-slideshow=\"d5e9126\" data-elementor-lightbox-title=\"21\" data-e-action-hash=\"#elementor-action%3Aaction%3Dlightbox%26settings%3DeyJpZCI6NjMyLCJ1cmwiOiJodHRwczpcL1wvbWFqYWNvbnN1bHRpbmdncm91cC5jb21cL3dwLWNvbnRlbnRcL3VwbG9hZHNcLzIwMjVcLzAzXC8yMS5wbmciLCJzbGlkZXNob3ciOiJkNWU5MTI2In0%3D\" href='https:\/\/majaconsultinggroup.com\/wp-content\/uploads\/2025\/03\/21.png'><img fetchpriority=\"high\" decoding=\"async\" width=\"1536\" height=\"1187\" src=\"https:\/\/majaconsultinggroup.com\/wp-content\/uploads\/2025\/03\/21-1536x1187.png\" class=\"attachment-1536x1536 size-1536x1536\" alt=\"\" srcset=\"https:\/\/majaconsultinggroup.com\/wp-content\/uploads\/2025\/03\/21-1536x1187.png 1536w, https:\/\/majaconsultinggroup.com\/wp-content\/uploads\/2025\/03\/21-300x232.png 300w, https:\/\/majaconsultinggroup.com\/wp-content\/uploads\/2025\/03\/21-1024x791.png 1024w, https:\/\/majaconsultinggroup.com\/wp-content\/uploads\/2025\/03\/21-768x593.png 768w, https:\/\/majaconsultinggroup.com\/wp-content\/uploads\/2025\/03\/21.png 2000w\" sizes=\"(max-width: 1536px) 100vw, 1536px\" \/><\/a>\n\t\t\t<\/div><\/figure><figure class='gallery-item'>\n\t\t\t<div class='gallery-icon landscape'>\n\t\t\t\t<a data-elementor-open-lightbox=\"yes\" data-elementor-lightbox-slideshow=\"d5e9126\" data-elementor-lightbox-title=\"19\" data-e-action-hash=\"#elementor-action%3Aaction%3Dlightbox%26settings%3DeyJpZCI6NjMwLCJ1cmwiOiJodHRwczpcL1wvbWFqYWNvbnN1bHRpbmdncm91cC5jb21cL3dwLWNvbnRlbnRcL3VwbG9hZHNcLzIwMjVcLzAzXC8xOS5wbmciLCJzbGlkZXNob3ciOiJkNWU5MTI2In0%3D\" href='https:\/\/majaconsultinggroup.com\/wp-content\/uploads\/2025\/03\/19.png'><img decoding=\"async\" width=\"1536\" height=\"1187\" src=\"https:\/\/majaconsultinggroup.com\/wp-content\/uploads\/2025\/03\/19-1536x1187.png\" class=\"attachment-1536x1536 size-1536x1536\" alt=\"\" srcset=\"https:\/\/majaconsultinggroup.com\/wp-content\/uploads\/2025\/03\/19-1536x1187.png 1536w, https:\/\/majaconsultinggroup.com\/wp-content\/uploads\/2025\/03\/19-300x232.png 300w, https:\/\/majaconsultinggroup.com\/wp-content\/uploads\/2025\/03\/19-1024x791.png 1024w, https:\/\/majaconsultinggroup.com\/wp-content\/uploads\/2025\/03\/19-768x593.png 768w, https:\/\/majaconsultinggroup.com\/wp-content\/uploads\/2025\/03\/19.png 2000w\" sizes=\"(max-width: 1536px) 100vw, 1536px\" \/><\/a>\n\t\t\t<\/div><\/figure><figure class='gallery-item'>\n\t\t\t<div class='gallery-icon landscape'>\n\t\t\t\t<a data-elementor-open-lightbox=\"yes\" data-elementor-lightbox-slideshow=\"d5e9126\" data-elementor-lightbox-title=\"20\" data-e-action-hash=\"#elementor-action%3Aaction%3Dlightbox%26settings%3DeyJpZCI6NjMxLCJ1cmwiOiJodHRwczpcL1wvbWFqYWNvbnN1bHRpbmdncm91cC5jb21cL3dwLWNvbnRlbnRcL3VwbG9hZHNcLzIwMjVcLzAzXC8yMC5wbmciLCJzbGlkZXNob3ciOiJkNWU5MTI2In0%3D\" href='https:\/\/majaconsultinggroup.com\/wp-content\/uploads\/2025\/03\/20.png'><img decoding=\"async\" width=\"1536\" height=\"1187\" src=\"https:\/\/majaconsultinggroup.com\/wp-content\/uploads\/2025\/03\/20-1536x1187.png\" class=\"attachment-1536x1536 size-1536x1536\" alt=\"\" srcset=\"https:\/\/majaconsultinggroup.com\/wp-content\/uploads\/2025\/03\/20-1536x1187.png 1536w, https:\/\/majaconsultinggroup.com\/wp-content\/uploads\/2025\/03\/20-300x232.png 300w, https:\/\/majaconsultinggroup.com\/wp-content\/uploads\/2025\/03\/20-1024x791.png 1024w, https:\/\/majaconsultinggroup.com\/wp-content\/uploads\/2025\/03\/20-768x593.png 768w, https:\/\/majaconsultinggroup.com\/wp-content\/uploads\/2025\/03\/20.png 2000w\" sizes=\"(max-width: 1536px) 100vw, 1536px\" \/><\/a>\n\t\t\t<\/div><\/figure><figure class='gallery-item'>\n\t\t\t<div class='gallery-icon landscape'>\n\t\t\t\t<a data-elementor-open-lightbox=\"yes\" data-elementor-lightbox-slideshow=\"d5e9126\" data-elementor-lightbox-title=\"18\" data-e-action-hash=\"#elementor-action%3Aaction%3Dlightbox%26settings%3DeyJpZCI6NjI5LCJ1cmwiOiJodHRwczpcL1wvbWFqYWNvbnN1bHRpbmdncm91cC5jb21cL3dwLWNvbnRlbnRcL3VwbG9hZHNcLzIwMjVcLzAzXC8xOC5wbmciLCJzbGlkZXNob3ciOiJkNWU5MTI2In0%3D\" href='https:\/\/majaconsultinggroup.com\/wp-content\/uploads\/2025\/03\/18.png'><img loading=\"lazy\" decoding=\"async\" width=\"1536\" height=\"1187\" src=\"https:\/\/majaconsultinggroup.com\/wp-content\/uploads\/2025\/03\/18-1536x1187.png\" class=\"attachment-1536x1536 size-1536x1536\" alt=\"\" srcset=\"https:\/\/majaconsultinggroup.com\/wp-content\/uploads\/2025\/03\/18-1536x1187.png 1536w, https:\/\/majaconsultinggroup.com\/wp-content\/uploads\/2025\/03\/18-300x232.png 300w, https:\/\/majaconsultinggroup.com\/wp-content\/uploads\/2025\/03\/18-1024x791.png 1024w, https:\/\/majaconsultinggroup.com\/wp-content\/uploads\/2025\/03\/18-768x593.png 768w, https:\/\/majaconsultinggroup.com\/wp-content\/uploads\/2025\/03\/18.png 2000w\" sizes=\"(max-width: 1536px) 100vw, 1536px\" \/><\/a>\n\t\t\t<\/div><\/figure><figure class='gallery-item'>\n\t\t\t<div class='gallery-icon landscape'>\n\t\t\t\t<a data-elementor-open-lightbox=\"yes\" data-elementor-lightbox-slideshow=\"d5e9126\" data-elementor-lightbox-title=\"16\" data-e-action-hash=\"#elementor-action%3Aaction%3Dlightbox%26settings%3DeyJpZCI6NjI3LCJ1cmwiOiJodHRwczpcL1wvbWFqYWNvbnN1bHRpbmdncm91cC5jb21cL3dwLWNvbnRlbnRcL3VwbG9hZHNcLzIwMjVcLzAzXC8xNi5wbmciLCJzbGlkZXNob3ciOiJkNWU5MTI2In0%3D\" href='https:\/\/majaconsultinggroup.com\/wp-content\/uploads\/2025\/03\/16.png'><img loading=\"lazy\" decoding=\"async\" width=\"1536\" height=\"1187\" src=\"https:\/\/majaconsultinggroup.com\/wp-content\/uploads\/2025\/03\/16-1536x1187.png\" class=\"attachment-1536x1536 size-1536x1536\" alt=\"\" srcset=\"https:\/\/majaconsultinggroup.com\/wp-content\/uploads\/2025\/03\/16-1536x1187.png 1536w, https:\/\/majaconsultinggroup.com\/wp-content\/uploads\/2025\/03\/16-300x232.png 300w, https:\/\/majaconsultinggroup.com\/wp-content\/uploads\/2025\/03\/16-1024x791.png 1024w, https:\/\/majaconsultinggroup.com\/wp-content\/uploads\/2025\/03\/16-768x593.png 768w, https:\/\/majaconsultinggroup.com\/wp-content\/uploads\/2025\/03\/16.png 2000w\" sizes=\"(max-width: 1536px) 100vw, 1536px\" \/><\/a>\n\t\t\t<\/div><\/figure><figure class='gallery-item'>\n\t\t\t<div class='gallery-icon landscape'>\n\t\t\t\t<a data-elementor-open-lightbox=\"yes\" data-elementor-lightbox-slideshow=\"d5e9126\" data-elementor-lightbox-title=\"17\" data-e-action-hash=\"#elementor-action%3Aaction%3Dlightbox%26settings%3DeyJpZCI6NjI4LCJ1cmwiOiJodHRwczpcL1wvbWFqYWNvbnN1bHRpbmdncm91cC5jb21cL3dwLWNvbnRlbnRcL3VwbG9hZHNcLzIwMjVcLzAzXC8xNy5wbmciLCJzbGlkZXNob3ciOiJkNWU5MTI2In0%3D\" href='https:\/\/majaconsultinggroup.com\/wp-content\/uploads\/2025\/03\/17.png'><img loading=\"lazy\" decoding=\"async\" width=\"1536\" height=\"1187\" src=\"https:\/\/majaconsultinggroup.com\/wp-content\/uploads\/2025\/03\/17-1536x1187.png\" class=\"attachment-1536x1536 size-1536x1536\" alt=\"\" srcset=\"https:\/\/majaconsultinggroup.com\/wp-content\/uploads\/2025\/03\/17-1536x1187.png 1536w, https:\/\/majaconsultinggroup.com\/wp-content\/uploads\/2025\/03\/17-300x232.png 300w, https:\/\/majaconsultinggroup.com\/wp-content\/uploads\/2025\/03\/17-1024x791.png 1024w, https:\/\/majaconsultinggroup.com\/wp-content\/uploads\/2025\/03\/17-768x593.png 768w, https:\/\/majaconsultinggroup.com\/wp-content\/uploads\/2025\/03\/17.png 2000w\" sizes=\"(max-width: 1536px) 100vw, 1536px\" \/><\/a>\n\t\t\t<\/div><\/figure>\n\t\t<\/div>\n\t\t<\/div>\n\t\t\t\t\t\t<\/div>\n\t\t\t\t<\/div>\n\t\t\t\t\t<\/div>\n\t\t<\/div>\n\t\t\t\t\t<\/div>\n\t\t<\/section>\n\t\t\t\t<section class=\"elementor-section elementor-top-section elementor-element elementor-element-8330977 elementor-section-boxed elementor-section-height-default elementor-section-height-default\" data-id=\"8330977\" data-element_type=\"section\">\n\t\t\t\t\t\t<div class=\"elementor-container elementor-column-gap-default\">\n\t\t\t\t\t<div class=\"elementor-column elementor-col-100 elementor-top-column elementor-element elementor-element-83b5fa5\" data-id=\"83b5fa5\" data-element_type=\"column\">\n\t\t\t<div class=\"elementor-widget-wrap elementor-element-populated\">\n\t\t\t\t\t\t<div class=\"elementor-element elementor-element-1680f6b elementor-widget elementor-widget-text-editor\" data-id=\"1680f6b\" data-element_type=\"widget\" data-widget_type=\"text-editor.default\">\n\t\t\t\t<div class=\"elementor-widget-container\">\n\t\t\t\t\t\t\t\t\t<p class=\"p1\" style=\"text-align: justify;\"><span style=\"color: #000000;\">En <span class=\"s1\"><b>Maja Consulting Group<\/b><\/span>, entendemos que cada construcci\u00f3n es m\u00e1s que una obra f\u00edsica: es la materializaci\u00f3n de una visi\u00f3n. Nuestro enfoque se basa en la planificaci\u00f3n estrat\u00e9gica, el dise\u00f1o funcional y la ejecuci\u00f3n impecable, respaldados por un equipo altamente calificado y un s\u00f3lido conocimiento t\u00e9cnico.<\/span><\/p><p class=\"p1\" style=\"text-align: justify;\"><span style=\"color: #000000;\">Nos especializamos en el desarrollo de proyectos integrales, abordando cada fase \u2014desde el concepto inicial hasta la entrega final\u2014 con un equilibrio entre innovaci\u00f3n, sostenibilidad y eficiencia. Nuestra experiencia abarca edificaciones comerciales, industriales, institucionales y residenciales, garantizando que cada obra no solo cumpla, sino supere las expectativas en t\u00e9rminos de calidad, tiempo y costo.<\/span><\/p><p class=\"p3\" style=\"text-align: justify;\"><span style=\"color: #000000;\"><b>\u00bfQu\u00e9 nos distingue?<\/b><b><\/b><\/span><\/p><p class=\"p4\" style=\"text-align: justify;\"><span style=\"color: #000000;\">\u2022 <span class=\"s1\"><b>Gesti\u00f3n estrat\u00e9gica de proyectos<\/b><\/span>: Aplicamos metodolog\u00edas de administraci\u00f3n que aseguran el control total de los recursos, los tiempos y los riesgos.<\/span><\/p><p class=\"p4\" style=\"text-align: justify;\"><span style=\"color: #000000;\">\u2022 <span class=\"s1\"><b>Calidad como est\u00e1ndar<\/b><\/span>: Implementamos procesos rigurosos de supervisi\u00f3n y auditor\u00eda para asegurar resultados \u00f3ptimos en cada etapa.<\/span><\/p><p class=\"p4\" style=\"text-align: justify;\"><span style=\"color: #000000;\">\u2022 <span class=\"s1\"><b>Adaptabilidad e innovaci\u00f3n<\/b><\/span>: Integramos soluciones de ingenier\u00eda avanzada y pr\u00e1cticas sostenibles para responder a las demandas actuales del mercado.<\/span><\/p><p style=\"text-align: justify;\"><span style=\"color: #000000;\">Nuestros <span class=\"s1\"><b>proyectos insignia<\/b><\/span> reflejan nuestro compromiso con la excelencia, destac\u00e1ndose por su impacto, funcionalidad y dise\u00f1o vanguardista. Cada obra es un testimonio de nuestra capacidad para transformar ideas complejas en soluciones arquitect\u00f3nicas s\u00f3lidas y sostenibles.<\/span><\/p><p class=\"p3\"><span style=\"color: #000000;\"><span style=\"text-align: justify;\">En <\/span><b>Maja Consulting Group<\/b><span class=\"s2\">, no solo construimos edificios, <\/span><b>construimos confianza y legado<\/b><span class=\"s2\">.\u00a0<\/span><\/span><\/p>\t\t\t\t\t\t\t\t<\/div>\n\t\t\t\t<\/div>\n\t\t\t\t\t<\/div>\n\t\t<\/div>\n\t\t\t\t\t<\/div>\n\t\t<\/section>\n\t\t\t\t<\/div>\n\t\t","protected":false},"excerpt":{"rendered":"<p>Nuestras Alianzas Estrat\u00e9gicas Yumaco Construcciones Con una trayectoria s\u00f3lida en el sector de la construcci\u00f3n, Yumaco Construcciones se especializa en el desarrollo de proyectos residenciales, comerciales e industriales, destac\u00e1ndose por su compromiso con la calidad, la innovaci\u00f3n y la sostenibilidad. Su enfoque integral abarca desde la planificaci\u00f3n hasta la ejecuci\u00f3n, garantizando resultados \u00f3ptimos que superan &#8230; <a title=\"Construcci\u00f3n\" class=\"read-more\" href=\"https:\/\/majaconsultinggroup.com\/index.php\/construccion\/\" aria-label=\"Leer m\u00e1s sobre Construcci\u00f3n\">Leer m\u00e1s<\/a><\/p>\n","protected":false},"author":2,"featured_media":0,"parent":0,"menu_order":0,"comment_status":"closed","ping_status":"closed","template":"","meta":{"footnotes":""},"class_list":["post-623","page","type-page","status-publish"],"_links":{"self":[{"href":"https:\/\/majaconsultinggroup.com\/index.php\/wp-json\/wp\/v2\/pages\/623","targetHints":{"allow":["GET"]}}],"collection":[{"href":"https:\/\/majaconsultinggroup.com\/index.php\/wp-json\/wp\/v2\/pages"}],"about":[{"href":"https:\/\/majaconsultinggroup.com\/index.php\/wp-json\/wp\/v2\/types\/page"}],"author":[{"embeddable":true,"href":"https:\/\/majaconsultinggroup.com\/index.php\/wp-json\/wp\/v2\/users\/2"}],"replies":[{"embeddable":true,"href":"https:\/\/majaconsultinggroup.com\/index.php\/wp-json\/wp\/v2\/comments?post=623"}],"version-history":[{"count":24,"href":"https:\/\/majaconsultinggroup.com\/index.php\/wp-json\/wp\/v2\/pages\/623\/revisions"}],"predecessor-version":[{"id":658,"href":"https:\/\/majaconsultinggroup.com\/index.php\/wp-json\/wp\/v2\/pages\/623\/revisions\/658"}],"wp:attachment":[{"href":"https:\/\/majaconsultinggroup.com\/index.php\/wp-json\/wp\/v2\/media?parent=623"}],"curies":[{"name":"wp","href":"https:\/\/api.w.org\/{rel}","templated":true}]}}